{"id":14271,"date":"2019-01-25T10:13:43","date_gmt":"2019-02-07T20:26:35","guid":{"rendered":"https:\/\/www.sibeag.ch\/shop\/non%20class\u00e9\/marque-de-depart-turfstone\/"},"modified":"2026-02-18T17:14:51","modified_gmt":"2026-02-18T16:14:51","slug":"marque-de-depart-turfstone","status":"publish","type":"product","link":"https:\/\/sibeag.ch\/fr\/parcours-de-golf\/depart\/marques-de-depart\/marque-de-depart-turfstone\/","title":{"rendered":"Marque de d\u00e9part Turfstone"},"content":{"rendered":"","protected":false},"excerpt":{"rendered":"<p><img loading=\"lazy\" decoding=\"async\" class=\"alignright size-medium wp-image-3355\" src=\"https:\/\/www.sibeag.ch\/wp-content\/uploads\/StandardGolf_Logo-300x83.jpg\" alt=\"Logo de Standard Golf\" width=\"112\" height=\"31\"><\/p>\n<h1>Marque de d\u00e9part Turfstone<\/h1>\n<ul>\n<li>15 x 14 x 6 cm (L x P x H)<\/li>\n<li>personnalisable avec le logo du club ou d&rsquo;un sponsor<\/li>\n<li>avec deux pointes de 9 cm<\/li>\n<li>en poly\u00e9thyl\u00e8ne haute densit\u00e9 (PE-HD)<\/li>\n<\/ul>\n","protected":false},"featured_media":9234,"template":"","meta":{"_acf_changed":false},"product_brand":[],"product_cat":[961,966,1009],"product_tag":[2164,1910],"class_list":{"0":"entry","1":"author-sibegolf","2":"has-excerpt","3":"post-14271","4":"product","5":"type-product","6":"status-publish","7":"has-post-thumbnail","8":"product_cat-parcours-de-golf","9":"product_cat-depart","10":"product_cat-marques-de-depart","11":"product_tag-logo-fr","12":"product_tag-marques-de-depart","14":"first","15":"instock","16":"taxable","17":"shipping-taxable","18":"purchasable","19":"product-type-variable"},"acf":[],"_links":{"self":[{"href":"https:\/\/sibeag.ch\/fr\/wp-json\/wp\/v2\/product\/14271","targetHints":{"allow":["GET"]}}],"collection":[{"href":"https:\/\/sibeag.ch\/fr\/wp-json\/wp\/v2\/product"}],"about":[{"href":"https:\/\/sibeag.ch\/fr\/wp-json\/wp\/v2\/types\/product"}],"wp:featuredmedia":[{"embeddable":true,"href":"https:\/\/sibeag.ch\/fr\/wp-json\/wp\/v2\/media\/9234"}],"wp:attachment":[{"href":"https:\/\/sibeag.ch\/fr\/wp-json\/wp\/v2\/media?parent=14271"}],"wp:term":[{"taxonomy":"product_brand","embeddable":true,"href":"https:\/\/sibeag.ch\/fr\/wp-json\/wp\/v2\/product_brand?post=14271"},{"taxonomy":"product_cat","embeddable":true,"href":"https:\/\/sibeag.ch\/fr\/wp-json\/wp\/v2\/product_cat?post=14271"},{"taxonomy":"product_tag","embeddable":true,"href":"https:\/\/sibeag.ch\/fr\/wp-json\/wp\/v2\/product_tag?post=14271"}],"curies":[{"name":"wp","href":"https:\/\/api.w.org\/{rel}","templated":true}]}}