{"id":14327,"date":"2019-01-25T10:22:56","date_gmt":"2019-02-07T21:30:33","guid":{"rendered":"https:\/\/www.sibeag.ch\/shop\/non%20class\u00e9\/systeme-de-nettoyage-haute-vitesse-zelup-z-spray\/"},"modified":"2026-02-18T17:16:42","modified_gmt":"2026-02-18T16:16:42","slug":"systeme-nettoyage-haute-vitesse-zellteck-zspray","status":"publish","type":"product","link":"https:\/\/sibeag.ch\/fr\/club-house\/zone-de-nettoyage\/stations-de-nettoyage\/station-de-nettoyage-zelup\/systeme-nettoyage-haute-vitesse-zellteck-zspray\/","title":{"rendered":"Syst\u00e8me de nettoyage haute-vitesse Zellteck Z-Spray"},"content":{"rendered":"","protected":false},"excerpt":{"rendered":"<p><img decoding=\"async\" class=\"alignright size-medium wp-image-3355 logo-zelup\" src=\"https:\/\/www.sibeag.ch\/wp-content\/uploads\/ZK-LogoRVB-original@2x.png\" alt=\"Logo Zelup\" \/><\/p>\n<h1>Syst\u00e8me de nettoyage haute-vitesse Zellteck Z-Spray<\/h1>\n<p>Avec le pistolet Z-Spray \u00e0 deux \u00e9tages, vous pouvez travailler en combinaison ou uniquement avec de l&rsquo;air ou de l&rsquo;eau. La brosse viss\u00e9e facilite le nettoyage des chaussures, des clubs de golf et des chariots.<\/p>\n<ul>\n<li>installation facile<\/li>\n<li>peut \u00eatre raccord\u00e9 \u00e0 n&rsquo;importe quel compresseur du commerce<\/li>\n<li>nettoyer avec un m\u00e9lange d&rsquo;eau et d&rsquo;air comprim\u00e9 et s\u00e9cher avec le m\u00eame appareil, uniquement avec de l&rsquo;air<\/li>\n<li>pistolet en aluminium robuste<\/li>\n<li>brosses rempla\u00e7ables<\/li>\n<\/ul>\n","protected":false},"featured_media":11292,"template":"","meta":{"_acf_changed":false},"product_brand":[],"product_cat":[962,2762,1030,1056,1081,2765,1082],"product_tag":[1930],"class_list":{"0":"entry","1":"author-sibegolf","2":"has-excerpt","3":"post-14327","4":"product","5":"type-product","6":"status-publish","7":"has-post-thumbnail","8":"product_cat-club-house","9":"product_cat-entree","10":"product_cat-nettoyage-de-chaussures","11":"product_cat-nettoyeurs-de-chaussures-avec-air-comprime-eau","12":"product_cat-zone-de-nettoyage","13":"product_cat-stations-de-nettoyage","14":"product_cat-station-de-nettoyage-zelup","15":"product_tag-zone-de-nettoyage","17":"first","18":"instock","19":"taxable","20":"shipping-taxable","21":"purchasable","22":"product-type-variable","23":"has-default-attributes"},"acf":[],"_links":{"self":[{"href":"https:\/\/sibeag.ch\/fr\/wp-json\/wp\/v2\/product\/14327","targetHints":{"allow":["GET"]}}],"collection":[{"href":"https:\/\/sibeag.ch\/fr\/wp-json\/wp\/v2\/product"}],"about":[{"href":"https:\/\/sibeag.ch\/fr\/wp-json\/wp\/v2\/types\/product"}],"wp:featuredmedia":[{"embeddable":true,"href":"https:\/\/sibeag.ch\/fr\/wp-json\/wp\/v2\/media\/11292"}],"wp:attachment":[{"href":"https:\/\/sibeag.ch\/fr\/wp-json\/wp\/v2\/media?parent=14327"}],"wp:term":[{"taxonomy":"product_brand","embeddable":true,"href":"https:\/\/sibeag.ch\/fr\/wp-json\/wp\/v2\/product_brand?post=14327"},{"taxonomy":"product_cat","embeddable":true,"href":"https:\/\/sibeag.ch\/fr\/wp-json\/wp\/v2\/product_cat?post=14327"},{"taxonomy":"product_tag","embeddable":true,"href":"https:\/\/sibeag.ch\/fr\/wp-json\/wp\/v2\/product_tag?post=14327"}],"curies":[{"name":"wp","href":"https:\/\/api.w.org\/{rel}","templated":true}]}}