{"id":14336,"date":"2019-01-25T10:20:54","date_gmt":"2019-02-07T21:31:40","guid":{"rendered":"https:\/\/www.sibeag.ch\/shop\/non%20class\u00e9\/tuyau-deau-ultra-max\/"},"modified":"2026-02-18T17:16:16","modified_gmt":"2026-02-18T16:16:16","slug":"tuyau-deau-ultra-max","status":"publish","type":"product","link":"https:\/\/sibeag.ch\/fr\/greenkeeping-fr\/arrosage\/tuyaux\/tuyau-deau-ultra-max\/","title":{"rendered":"Tuyau d&rsquo;eau Ultra Max"},"content":{"rendered":"","protected":false},"excerpt":{"rendered":"<p><img decoding=\"async\" class=\"alignright size-medium wp-image-3355 underhill-logo\" src=\"https:\/\/www.sibeag.ch\/wp-content\/uploads\/logo-underhill.png\" alt=\"Logo Underhill\" width=\"112\"><\/p>\n<h1>Tuyau d&rsquo;eau Ultra Max<\/h1>\n<ul>\n<li>tuyau de haute qualit\u00e9 pour des exigences maximales<\/li>\n<li>des deux c\u00f4t\u00e9s avec un fil press\u00e9<\/li>\n<li>flexible et resistant \u00e0 l&rsquo;abrasion<\/li>\n<li>jusqu&rsquo;\u00e0 45% moins lourd que les tuyaux d&rsquo;eau courants<\/li>\n<\/ul>\n","protected":false},"featured_media":9952,"template":"","meta":{"_acf_changed":false},"product_brand":[],"product_cat":[1001,1083,2795],"product_tag":[],"class_list":{"0":"entry","1":"author-sibegolf","2":"has-excerpt","3":"post-14336","4":"product","5":"type-product","6":"status-publish","7":"has-post-thumbnail","8":"product_cat-greenkeeping-fr","9":"product_cat-arrosage","10":"product_cat-tuyaux","12":"first","13":"instock","14":"taxable","15":"shipping-taxable","16":"purchasable","17":"product-type-variable"},"acf":[],"_links":{"self":[{"href":"https:\/\/sibeag.ch\/fr\/wp-json\/wp\/v2\/product\/14336","targetHints":{"allow":["GET"]}}],"collection":[{"href":"https:\/\/sibeag.ch\/fr\/wp-json\/wp\/v2\/product"}],"about":[{"href":"https:\/\/sibeag.ch\/fr\/wp-json\/wp\/v2\/types\/product"}],"wp:featuredmedia":[{"embeddable":true,"href":"https:\/\/sibeag.ch\/fr\/wp-json\/wp\/v2\/media\/9952"}],"wp:attachment":[{"href":"https:\/\/sibeag.ch\/fr\/wp-json\/wp\/v2\/media?parent=14336"}],"wp:term":[{"taxonomy":"product_brand","embeddable":true,"href":"https:\/\/sibeag.ch\/fr\/wp-json\/wp\/v2\/product_brand?post=14336"},{"taxonomy":"product_cat","embeddable":true,"href":"https:\/\/sibeag.ch\/fr\/wp-json\/wp\/v2\/product_cat?post=14336"},{"taxonomy":"product_tag","embeddable":true,"href":"https:\/\/sibeag.ch\/fr\/wp-json\/wp\/v2\/product_tag?post=14336"}],"curies":[{"name":"wp","href":"https:\/\/api.w.org\/{rel}","templated":true}]}}