{"id":14372,"date":"2019-01-25T10:22:54","date_gmt":"2019-02-07T21:32:00","guid":{"rendered":"https:\/\/www.sibeag.ch\/shop\/non%20class\u00e9\/ramasse-balles-manuels-pour-600-balles\/"},"modified":"2026-02-18T17:16:33","modified_gmt":"2026-02-18T16:16:33","slug":"ramasse-balles-manuels-pour-800-balles","status":"publish","type":"product","link":"https:\/\/sibeag.ch\/fr\/practice-driving-range\/amenagement-equipement\/ramasse-balles-manuels-fr\/ramasse-balles-manuels-pour-800-balles\/","title":{"rendered":"Ramasse balles manuels pour 800 balles"},"content":{"rendered":"","protected":false},"excerpt":{"rendered":"<p><img decoding=\"async\" class=\"alignright size-medium wp-image-3355 range-servant-logo\" src=\"https:\/\/www.sibeag.ch\/wp-content\/uploads\/range-servant-logo.jpg\" alt=\"Logo Range Servant\"><\/p>\n<h1>Ramasse balles manuels pour 800 balles<\/h1>\n<p>Les ramasse-balles de Range Servant sont \u00e9quip\u00e9 avec des disques en PVC et sont disponible avec des paniers en m\u00e9tal et des paniers en plastique.<\/p>\n<ul>\n<li>840 mm de large<\/li>\n<li>avec deux paniers (800 balles)<\/li>\n<li>avec manche<\/li>\n<\/ul>\n","protected":false},"featured_media":10842,"template":"","meta":{"_acf_changed":false},"product_brand":[],"product_cat":[964,2772,1080,1004,1079],"product_tag":[1924],"class_list":{"0":"entry","1":"author-sibegolf","2":"has-excerpt","3":"post-14372","4":"product","5":"type-product","6":"status-publish","7":"has-post-thumbnail","8":"product_cat-practice-driving-range","9":"product_cat-amenagement-equipement","10":"product_cat-ramasse-balles-manuels-fr","11":"product_cat-putting-green-fr","12":"product_cat-ramasse-balles-manuels","13":"product_tag-ramasse-balles-manuels","15":"first","16":"instock","17":"taxable","18":"shipping-taxable","19":"purchasable","20":"product-type-variable"},"acf":[],"_links":{"self":[{"href":"https:\/\/sibeag.ch\/fr\/wp-json\/wp\/v2\/product\/14372","targetHints":{"allow":["GET"]}}],"collection":[{"href":"https:\/\/sibeag.ch\/fr\/wp-json\/wp\/v2\/product"}],"about":[{"href":"https:\/\/sibeag.ch\/fr\/wp-json\/wp\/v2\/types\/product"}],"wp:featuredmedia":[{"embeddable":true,"href":"https:\/\/sibeag.ch\/fr\/wp-json\/wp\/v2\/media\/10842"}],"wp:attachment":[{"href":"https:\/\/sibeag.ch\/fr\/wp-json\/wp\/v2\/media?parent=14372"}],"wp:term":[{"taxonomy":"product_brand","embeddable":true,"href":"https:\/\/sibeag.ch\/fr\/wp-json\/wp\/v2\/product_brand?post=14372"},{"taxonomy":"product_cat","embeddable":true,"href":"https:\/\/sibeag.ch\/fr\/wp-json\/wp\/v2\/product_cat?post=14372"},{"taxonomy":"product_tag","embeddable":true,"href":"https:\/\/sibeag.ch\/fr\/wp-json\/wp\/v2\/product_tag?post=14372"}],"curies":[{"name":"wp","href":"https:\/\/api.w.org\/{rel}","templated":true}]}}