{"id":14434,"date":"2019-01-25T10:25:52","date_gmt":"2019-02-07T21:54:21","guid":{"rendered":"https:\/\/www.sibeag.ch\/shop\/non%20class\u00e9\/set-des-marqueurs-de-putting-green-tournament\/"},"modified":"2019-09-23T07:50:13","modified_gmt":"2019-09-23T07:50:13","slug":"set-des-marqueurs-de-putting-green-tournament","status":"publish","type":"product","link":"https:\/\/sibeag.ch\/fr\/putting-green-fr\/systemes-complets\/set-des-marqueurs-de-putting-green-tournament\/","title":{"rendered":"Set des marqueurs de Putting Green Tournament"},"content":{"rendered":"","protected":false},"excerpt":{"rendered":"<p><img loading=\"lazy\" decoding=\"async\" class=\"alignright size-medium wp-image-3355 paraide-logo\" src=\"https:\/\/www.sibeag.ch\/wp-content\/uploads\/ParAide-Logo-50x50.jpg\" alt=\"Logo Par Aide\" width=\"50\" height=\"50\"><\/p>\n<h1>Set des marqueurs de Putting Green Tournament<\/h1>\n<ul>\n<li>89 cm de long<\/li>\n<li>1.3 cm de diam\u00e8tre aux \u00e9xtr\u00e9mit\u00e9s et 2.5 cm de diam\u00e8tre au milieu<\/li>\n<li>construction en fibre de verre, solide<\/li>\n<li>Set contient 9 fanions et hampes de Putting avec embases en plastique<\/li>\n<\/ul>\n","protected":false},"featured_media":7583,"template":"","meta":{"_acf_changed":false},"product_brand":[],"product_cat":[1004,1060],"product_tag":[],"class_list":{"0":"entry","1":"author-sibegolf","2":"has-excerpt","3":"post-14434","4":"product","5":"type-product","6":"status-publish","7":"has-post-thumbnail","8":"product_cat-putting-green-fr","9":"product_cat-systemes-complets","11":"first","12":"instock","13":"taxable","14":"shipping-taxable","15":"product-type-variable"},"acf":[],"_links":{"self":[{"href":"https:\/\/sibeag.ch\/fr\/wp-json\/wp\/v2\/product\/14434","targetHints":{"allow":["GET"]}}],"collection":[{"href":"https:\/\/sibeag.ch\/fr\/wp-json\/wp\/v2\/product"}],"about":[{"href":"https:\/\/sibeag.ch\/fr\/wp-json\/wp\/v2\/types\/product"}],"wp:featuredmedia":[{"embeddable":true,"href":"https:\/\/sibeag.ch\/fr\/wp-json\/wp\/v2\/media\/7583"}],"wp:attachment":[{"href":"https:\/\/sibeag.ch\/fr\/wp-json\/wp\/v2\/media?parent=14434"}],"wp:term":[{"taxonomy":"product_brand","embeddable":true,"href":"https:\/\/sibeag.ch\/fr\/wp-json\/wp\/v2\/product_brand?post=14434"},{"taxonomy":"product_cat","embeddable":true,"href":"https:\/\/sibeag.ch\/fr\/wp-json\/wp\/v2\/product_cat?post=14434"},{"taxonomy":"product_tag","embeddable":true,"href":"https:\/\/sibeag.ch\/fr\/wp-json\/wp\/v2\/product_tag?post=14434"}],"curies":[{"name":"wp","href":"https:\/\/api.w.org\/{rel}","templated":true}]}}