{"id":14483,"date":"2019-01-25T10:28:49","date_gmt":"2019-02-07T22:15:23","guid":{"rendered":"https:\/\/www.sibeag.ch\/shop\/non%20class\u00e9\/gazon-synthetique-range-turf\/"},"modified":"2024-11-30T09:22:55","modified_gmt":"2024-11-30T08:22:55","slug":"gazon-synthetique-range-turf","status":"publish","type":"product","link":"https:\/\/sibeag.ch\/fr\/practice-driving-range\/amenagement-equipement\/revetements-de-sol\/gazon-synthetique-range-turf\/","title":{"rendered":"Gazon synth\u00e9tique Range Turf"},"content":{"rendered":"","protected":false},"excerpt":{"rendered":"<h1>Gazon synth\u00e9tique Range Turf<\/h1>\n<p>Gazon synth\u00e9tique de haute qualit\u00e9 qui peut \u00eatre utilis\u00e9 pour plusieurs applications \u00e0 l&rsquo;ext\u00e9rieur<\/p>\n<ul>\n<li>est pos\u00e9 sans sable<\/li>\n<li>avec dos latex<\/li>\n<\/ul>\n","protected":false},"featured_media":10402,"template":"","meta":{"_acf_changed":false},"product_brand":[],"product_cat":[964,2772,1093,1094],"product_tag":[2939],"class_list":{"0":"entry","1":"author-sibegolf","2":"has-excerpt","3":"post-14483","4":"product","5":"type-product","6":"status-publish","7":"has-post-thumbnail","8":"product_cat-practice-driving-range","9":"product_cat-amenagement-equipement","10":"product_cat-revetements-de-sol","11":"product_cat-gazon-synthetique","12":"product_tag-sur-demande","14":"first","15":"instock","16":"taxable","17":"shipping-taxable","18":"purchasable","19":"product-type-variable"},"acf":[],"_links":{"self":[{"href":"https:\/\/sibeag.ch\/fr\/wp-json\/wp\/v2\/product\/14483","targetHints":{"allow":["GET"]}}],"collection":[{"href":"https:\/\/sibeag.ch\/fr\/wp-json\/wp\/v2\/product"}],"about":[{"href":"https:\/\/sibeag.ch\/fr\/wp-json\/wp\/v2\/types\/product"}],"wp:featuredmedia":[{"embeddable":true,"href":"https:\/\/sibeag.ch\/fr\/wp-json\/wp\/v2\/media\/10402"}],"wp:attachment":[{"href":"https:\/\/sibeag.ch\/fr\/wp-json\/wp\/v2\/media?parent=14483"}],"wp:term":[{"taxonomy":"product_brand","embeddable":true,"href":"https:\/\/sibeag.ch\/fr\/wp-json\/wp\/v2\/product_brand?post=14483"},{"taxonomy":"product_cat","embeddable":true,"href":"https:\/\/sibeag.ch\/fr\/wp-json\/wp\/v2\/product_cat?post=14483"},{"taxonomy":"product_tag","embeddable":true,"href":"https:\/\/sibeag.ch\/fr\/wp-json\/wp\/v2\/product_tag?post=14483"}],"curies":[{"name":"wp","href":"https:\/\/api.w.org\/{rel}","templated":true}]}}