{"id":14491,"date":"2019-01-25T10:29:24","date_gmt":"2019-02-07T22:17:55","guid":{"rendered":"https:\/\/www.sibeag.ch\/shop\/non%20class\u00e9\/banniere-de-distance-en-pvc-horizontale\/"},"modified":"2026-02-18T17:17:33","modified_gmt":"2026-02-18T16:17:33","slug":"banniere-de-distance-en-pvc-horizontale","status":"publish","type":"product","link":"https:\/\/sibeag.ch\/fr\/practice-driving-range\/cibles-entrainement-fr\/indicateurs-de-distance\/banniere-de-distance-en-pvc-horizontale\/","title":{"rendered":"Banni\u00e8re de distance en PVC, horizontale"},"content":{"rendered":"","protected":false},"excerpt":{"rendered":"<h1>Banni\u00e8re de distance en PVC, horizontale<\/h1>\n<ul>\n<li>120 x 60 cm<\/li>\n<li>b\u00e2che r\u00e9sistante aux impacts de balles<\/li>\n<li>peut \u00eatre personnalis\u00e9<\/li>\n<li>imprim\u00e9 sur un c\u00f4t\u00e9<\/li>\n<\/ul>\n","protected":false},"featured_media":10468,"template":"","meta":{"_acf_changed":false},"product_brand":[],"product_cat":[964,979],"product_tag":[],"class_list":{"0":"entry","1":"author-sibegolf","2":"has-excerpt","3":"post-14491","4":"product","5":"type-product","6":"status-publish","7":"has-post-thumbnail","8":"product_cat-practice-driving-range","9":"product_cat-indicateurs-de-distance","11":"first","12":"instock","13":"taxable","14":"shipping-taxable","15":"purchasable","16":"product-type-variable"},"acf":[],"_links":{"self":[{"href":"https:\/\/sibeag.ch\/fr\/wp-json\/wp\/v2\/product\/14491","targetHints":{"allow":["GET"]}}],"collection":[{"href":"https:\/\/sibeag.ch\/fr\/wp-json\/wp\/v2\/product"}],"about":[{"href":"https:\/\/sibeag.ch\/fr\/wp-json\/wp\/v2\/types\/product"}],"wp:featuredmedia":[{"embeddable":true,"href":"https:\/\/sibeag.ch\/fr\/wp-json\/wp\/v2\/media\/10468"}],"wp:attachment":[{"href":"https:\/\/sibeag.ch\/fr\/wp-json\/wp\/v2\/media?parent=14491"}],"wp:term":[{"taxonomy":"product_brand","embeddable":true,"href":"https:\/\/sibeag.ch\/fr\/wp-json\/wp\/v2\/product_brand?post=14491"},{"taxonomy":"product_cat","embeddable":true,"href":"https:\/\/sibeag.ch\/fr\/wp-json\/wp\/v2\/product_cat?post=14491"},{"taxonomy":"product_tag","embeddable":true,"href":"https:\/\/sibeag.ch\/fr\/wp-json\/wp\/v2\/product_tag?post=14491"}],"curies":[{"name":"wp","href":"https:\/\/api.w.org\/{rel}","templated":true}]}}