{"id":14504,"date":"2019-01-25T10:28:03","date_gmt":"2019-02-07T22:20:57","guid":{"rendered":"https:\/\/www.sibeag.ch\/shop\/non%20class\u00e9\/panneau-ultra-base\/"},"modified":"2024-11-30T09:54:41","modified_gmt":"2024-11-30T08:54:41","slug":"panneau-ultra-base","status":"publish","type":"product","link":"https:\/\/sibeag.ch\/fr\/practice-driving-range\/amenagement-equipement\/revetements-de-sol\/panneau-ultra-base\/","title":{"rendered":"Panneau Ultra Base"},"content":{"rendered":"","protected":false},"excerpt":{"rendered":"<h1>Panneau Ultra Base<\/h1>\n<p>Id\u00e9al pour l&rsquo;utilisation comme support sous le gazon synth\u00e9tique. pour l&rsquo;absorption des chocs et prot\u00e8ge les articulations<\/p>\n<ul>\n<li>75 x 55 x 2.2 cm<\/li>\n<li>Syst\u00e8me de clic simple<\/li>\n<\/ul>\n","protected":false},"featured_media":10560,"template":"","meta":{"_acf_changed":false},"product_brand":[],"product_cat":[964,2768,1066,2772,1093,1094],"product_tag":[2939],"class_list":{"0":"entry","1":"author-sibegolf","2":"has-excerpt","3":"post-14504","4":"product","5":"type-product","6":"status-publish","7":"has-post-thumbnail","8":"product_cat-practice-driving-range","9":"product_cat-zone-de-depart","10":"product_cat-tapis-de-practice","11":"product_cat-amenagement-equipement","12":"product_cat-revetements-de-sol","13":"product_cat-gazon-synthetique","14":"product_tag-sur-demande","16":"first","17":"instock","18":"taxable","19":"shipping-taxable","20":"product-type-simple"},"acf":[],"_links":{"self":[{"href":"https:\/\/sibeag.ch\/fr\/wp-json\/wp\/v2\/product\/14504","targetHints":{"allow":["GET"]}}],"collection":[{"href":"https:\/\/sibeag.ch\/fr\/wp-json\/wp\/v2\/product"}],"about":[{"href":"https:\/\/sibeag.ch\/fr\/wp-json\/wp\/v2\/types\/product"}],"wp:featuredmedia":[{"embeddable":true,"href":"https:\/\/sibeag.ch\/fr\/wp-json\/wp\/v2\/media\/10560"}],"wp:attachment":[{"href":"https:\/\/sibeag.ch\/fr\/wp-json\/wp\/v2\/media?parent=14504"}],"wp:term":[{"taxonomy":"product_brand","embeddable":true,"href":"https:\/\/sibeag.ch\/fr\/wp-json\/wp\/v2\/product_brand?post=14504"},{"taxonomy":"product_cat","embeddable":true,"href":"https:\/\/sibeag.ch\/fr\/wp-json\/wp\/v2\/product_cat?post=14504"},{"taxonomy":"product_tag","embeddable":true,"href":"https:\/\/sibeag.ch\/fr\/wp-json\/wp\/v2\/product_tag?post=14504"}],"curies":[{"name":"wp","href":"https:\/\/api.w.org\/{rel}","templated":true}]}}