{"id":14618,"date":"2019-01-25T10:34:15","date_gmt":"2019-02-07T22:38:32","guid":{"rendered":"https:\/\/www.sibeag.ch\/shop\/non%20class\u00e9\/target-green-3-couleur\/"},"modified":"2024-11-30T09:22:49","modified_gmt":"2024-11-30T08:22:49","slug":"target-green-3-couleur","status":"publish","type":"product","link":"https:\/\/sibeag.ch\/fr\/practice-driving-range\/cibles-entrainement-fr\/target-greens-fr\/target-green-3-couleur\/","title":{"rendered":"Target Green, 3-couleurs"},"content":{"rendered":"","protected":false},"excerpt":{"rendered":"<h1>Target Green, 3-couleurs<\/h1>\n<p>Rendez votre practice plus attractif en y ajoutant nos cibles Target Greens durable et de haute qualit\u00e9. C&rsquo;est avec plaisir que nous vous aidons \u00e0 trouver le bon choix pour augmenter l&rsquo;attractivit\u00e9 de votre Practice. Nous sommes \u00e9galement \u00e0 votre disposition pour vous aider avec l&rsquo;installation.<\/p>\n","protected":false},"featured_media":16302,"template":"","meta":{"_acf_changed":false},"product_brand":[],"product_cat":[964,1096],"product_tag":[2939],"class_list":{"0":"entry","1":"author-sibegolf","2":"has-excerpt","3":"post-14618","4":"product","5":"type-product","6":"status-publish","7":"has-post-thumbnail","8":"product_cat-practice-driving-range","9":"product_cat-target-greens-fr","10":"product_tag-sur-demande","12":"first","13":"instock","14":"taxable","15":"shipping-taxable","16":"purchasable","17":"product-type-variable"},"acf":[],"_links":{"self":[{"href":"https:\/\/sibeag.ch\/fr\/wp-json\/wp\/v2\/product\/14618","targetHints":{"allow":["GET"]}}],"collection":[{"href":"https:\/\/sibeag.ch\/fr\/wp-json\/wp\/v2\/product"}],"about":[{"href":"https:\/\/sibeag.ch\/fr\/wp-json\/wp\/v2\/types\/product"}],"wp:featuredmedia":[{"embeddable":true,"href":"https:\/\/sibeag.ch\/fr\/wp-json\/wp\/v2\/media\/16302"}],"wp:attachment":[{"href":"https:\/\/sibeag.ch\/fr\/wp-json\/wp\/v2\/media?parent=14618"}],"wp:term":[{"taxonomy":"product_brand","embeddable":true,"href":"https:\/\/sibeag.ch\/fr\/wp-json\/wp\/v2\/product_brand?post=14618"},{"taxonomy":"product_cat","embeddable":true,"href":"https:\/\/sibeag.ch\/fr\/wp-json\/wp\/v2\/product_cat?post=14618"},{"taxonomy":"product_tag","embeddable":true,"href":"https:\/\/sibeag.ch\/fr\/wp-json\/wp\/v2\/product_tag?post=14618"}],"curies":[{"name":"wp","href":"https:\/\/api.w.org\/{rel}","templated":true}]}}