{"id":14658,"date":"2019-01-25T10:36:36","date_gmt":"2019-02-08T07:33:02","guid":{"rendered":"https:\/\/www.sibeag.ch\/shop\/non%20class\u00e9\/cible-de-practice-avec-structure\/"},"modified":"2024-11-30T09:22:46","modified_gmt":"2024-11-30T08:22:46","slug":"cible-de-practice-avec-structure","status":"publish","type":"product","link":"https:\/\/sibeag.ch\/fr\/practice-driving-range\/cibles-entrainement-fr\/indicateurs-de-distance\/cible-de-practice-avec-structure\/","title":{"rendered":"Cible de Practice avec structure"},"content":{"rendered":"","protected":false},"excerpt":{"rendered":"<h1>Cible de Practice avec structure<\/h1>\n<p>Pour l\u2019entrainement \u00e0 courte distance ainsi que \u00e0 longue distance. Augmente l&rsquo;attractivit\u00e9 de votre Practice et donc aide \u00e0 augmenter les balles vendues. Cr\u00e9ez vos cibles personnalis\u00e9es avec le logo du club ou d&rsquo;un sponsor ou utilisez les comme indicateurs de distances.<\/p>\n<ul>\n<li>structure en aluminium<\/li>\n<li>B\u00e2che sp\u00e9ciale, perm\u00e9able \u00e0 l&rsquo;eau et au vent<\/li>\n<li>avec quatre pieds<\/li>\n<\/ul>\n","protected":false},"featured_media":11278,"template":"","meta":{"_acf_changed":false},"product_brand":[],"product_cat":[964,1046,979],"product_tag":[2939],"class_list":{"0":"entry","1":"author-sibegolf","2":"has-excerpt","3":"post-14658","4":"product","5":"type-product","6":"status-publish","7":"has-post-thumbnail","8":"product_cat-practice-driving-range","9":"product_cat-cibles-entrainement-fr","10":"product_cat-indicateurs-de-distance","11":"product_tag-sur-demande","13":"first","14":"instock","15":"taxable","16":"shipping-taxable","17":"purchasable","18":"product-type-variable"},"acf":[],"_links":{"self":[{"href":"https:\/\/sibeag.ch\/fr\/wp-json\/wp\/v2\/product\/14658","targetHints":{"allow":["GET"]}}],"collection":[{"href":"https:\/\/sibeag.ch\/fr\/wp-json\/wp\/v2\/product"}],"about":[{"href":"https:\/\/sibeag.ch\/fr\/wp-json\/wp\/v2\/types\/product"}],"wp:featuredmedia":[{"embeddable":true,"href":"https:\/\/sibeag.ch\/fr\/wp-json\/wp\/v2\/media\/11278"}],"wp:attachment":[{"href":"https:\/\/sibeag.ch\/fr\/wp-json\/wp\/v2\/media?parent=14658"}],"wp:term":[{"taxonomy":"product_brand","embeddable":true,"href":"https:\/\/sibeag.ch\/fr\/wp-json\/wp\/v2\/product_brand?post=14658"},{"taxonomy":"product_cat","embeddable":true,"href":"https:\/\/sibeag.ch\/fr\/wp-json\/wp\/v2\/product_cat?post=14658"},{"taxonomy":"product_tag","embeddable":true,"href":"https:\/\/sibeag.ch\/fr\/wp-json\/wp\/v2\/product_tag?post=14658"}],"curies":[{"name":"wp","href":"https:\/\/api.w.org\/{rel}","templated":true}]}}