{"id":14697,"date":"2019-01-25T10:38:58","date_gmt":"2019-02-08T07:52:27","guid":{"rendered":"https:\/\/www.sibeag.ch\/shop\/non%20class\u00e9\/cage-dentrainement-complet\/"},"modified":"2026-02-18T17:25:25","modified_gmt":"2026-02-18T16:25:25","slug":"cage-dentrainement-complet","status":"publish","type":"product","link":"https:\/\/sibeag.ch\/fr\/practice-driving-range\/zone-de-depart\/cages-dentrainement\/cage-dentrainement-complet\/","title":{"rendered":"Cage de frappe de golf, compl\u00e8te"},"content":{"rendered":"","protected":false},"excerpt":{"rendered":"<h1>Cage de frappe de golf, compl\u00e8te<\/h1>\n<ul>\n<li>3 x 3 x 3 m (L x P x H)<\/li>\n<li>Construction robuste en tubes d\u2019acier galvanis\u00e9<\/li>\n<li>avec filet de frappe suppl\u00e9mentaire pour encore plus de s\u00e9curit\u00e9<\/li>\n<li>disponible avec un filet vert, noir ou blanc<\/li>\n<li>Lire la <a href=\"https:\/\/www.sibeag.ch\/robuster-golfkaefig-fur-zuhause\/\">description d\u00e9taill\u00e9e de la cage de golf<\/a><\/li>\n<\/ul>\n","protected":false},"featured_media":104879,"template":"","meta":{"_acf_changed":false},"product_brand":[],"product_cat":[964,2768,1101],"product_tag":[],"class_list":{"0":"entry","1":"author-sibegolf","2":"has-excerpt","3":"post-14697","4":"product","5":"type-product","6":"status-publish","7":"has-post-thumbnail","8":"product_cat-practice-driving-range","9":"product_cat-zone-de-depart","10":"product_cat-cages-dentrainement","11":"product_shipping_class-objets-encombrants","13":"first","14":"instock","15":"taxable","16":"shipping-taxable","17":"purchasable","18":"product-type-variable"},"acf":[],"_links":{"self":[{"href":"https:\/\/sibeag.ch\/fr\/wp-json\/wp\/v2\/product\/14697","targetHints":{"allow":["GET"]}}],"collection":[{"href":"https:\/\/sibeag.ch\/fr\/wp-json\/wp\/v2\/product"}],"about":[{"href":"https:\/\/sibeag.ch\/fr\/wp-json\/wp\/v2\/types\/product"}],"wp:featuredmedia":[{"embeddable":true,"href":"https:\/\/sibeag.ch\/fr\/wp-json\/wp\/v2\/media\/104879"}],"wp:attachment":[{"href":"https:\/\/sibeag.ch\/fr\/wp-json\/wp\/v2\/media?parent=14697"}],"wp:term":[{"taxonomy":"product_brand","embeddable":true,"href":"https:\/\/sibeag.ch\/fr\/wp-json\/wp\/v2\/product_brand?post=14697"},{"taxonomy":"product_cat","embeddable":true,"href":"https:\/\/sibeag.ch\/fr\/wp-json\/wp\/v2\/product_cat?post=14697"},{"taxonomy":"product_tag","embeddable":true,"href":"https:\/\/sibeag.ch\/fr\/wp-json\/wp\/v2\/product_tag?post=14697"}],"curies":[{"name":"wp","href":"https:\/\/api.w.org\/{rel}","templated":true}]}}