{"id":14737,"date":"2019-01-25T10:38:55","date_gmt":"2019-02-08T07:59:55","guid":{"rendered":"https:\/\/www.sibeag.ch\/shop\/non%20class\u00e9\/cage-dentrainement-double-complet\/"},"modified":"2024-11-30T09:22:37","modified_gmt":"2024-11-30T08:22:37","slug":"cage-dentrainement-double-complet","status":"publish","type":"product","link":"https:\/\/sibeag.ch\/fr\/practice-driving-range\/zone-de-depart\/cages-dentrainement\/cage-dentrainement-double-complet\/","title":{"rendered":"Cage d&rsquo;entra\u00eenement double, complet"},"content":{"rendered":"","protected":false},"excerpt":{"rendered":"<h1>Cage d&rsquo;entra\u00eenement double, complet<\/h1>\n<ul>\n<li>6 x 3 x 3 m (L x P x H)<\/li>\n<li>construction robuste en tubes d&rsquo;acier zingu\u00e9s de 48 mm de diam\u00e8tre<\/li>\n<li>avec filet de frappe suppl\u00e9mentaire pour encore plus de s\u00e9curit\u00e9<\/li>\n<li>disponible avec un filet vert ou noir<\/li>\n<\/ul>\n","protected":false},"featured_media":10590,"template":"","meta":{"_acf_changed":false},"product_brand":[],"product_cat":[964,2768,1101],"product_tag":[2939],"class_list":{"0":"entry","1":"author-sibegolf","2":"has-excerpt","3":"post-14737","4":"product","5":"type-product","6":"status-publish","7":"has-post-thumbnail","8":"product_cat-practice-driving-range","9":"product_cat-zone-de-depart","10":"product_cat-cages-dentrainement","11":"product_tag-sur-demande","12":"product_shipping_class-objets-encombrants","14":"first","15":"instock","16":"taxable","17":"shipping-taxable","18":"purchasable","19":"product-type-variable"},"acf":[],"_links":{"self":[{"href":"https:\/\/sibeag.ch\/fr\/wp-json\/wp\/v2\/product\/14737","targetHints":{"allow":["GET"]}}],"collection":[{"href":"https:\/\/sibeag.ch\/fr\/wp-json\/wp\/v2\/product"}],"about":[{"href":"https:\/\/sibeag.ch\/fr\/wp-json\/wp\/v2\/types\/product"}],"wp:featuredmedia":[{"embeddable":true,"href":"https:\/\/sibeag.ch\/fr\/wp-json\/wp\/v2\/media\/10590"}],"wp:attachment":[{"href":"https:\/\/sibeag.ch\/fr\/wp-json\/wp\/v2\/media?parent=14737"}],"wp:term":[{"taxonomy":"product_brand","embeddable":true,"href":"https:\/\/sibeag.ch\/fr\/wp-json\/wp\/v2\/product_brand?post=14737"},{"taxonomy":"product_cat","embeddable":true,"href":"https:\/\/sibeag.ch\/fr\/wp-json\/wp\/v2\/product_cat?post=14737"},{"taxonomy":"product_tag","embeddable":true,"href":"https:\/\/sibeag.ch\/fr\/wp-json\/wp\/v2\/product_tag?post=14737"}],"curies":[{"name":"wp","href":"https:\/\/api.w.org\/{rel}","templated":true}]}}