{"id":14745,"date":"2019-01-25T10:41:44","date_gmt":"2019-02-08T08:12:06","guid":{"rendered":"https:\/\/www.sibeag.ch\/shop\/non%20class\u00e9\/visualisation-du-parcours-de-golf-mygreen-3d\/"},"modified":"2024-11-30T09:22:35","modified_gmt":"2024-11-30T08:22:35","slug":"visualisation-du-parcours-de-golf-mygreen-3d","status":"publish","type":"product","link":"https:\/\/sibeag.ch\/fr\/club-house\/visualisation-en-3d\/visualisation-parcours-de-golf\/visualisation-du-parcours-de-golf-mygreen-3d\/","title":{"rendered":"Visualisation du parcours de golf mygreen 3D"},"content":{"rendered":"","protected":false},"excerpt":{"rendered":"<h1>Visualisation du parcours de golf mygreen 3D<\/h1>\n<ul>\n<li>Visualisation de tous les trous, practice, et l&rsquo;environnement en 3D.<\/li>\n<li>Aper\u00e7u g\u00e9n\u00e9ral du parcours de golf<\/li>\n<li>pr\u00e9paration de donn\u00e9es graphiques pour la cr\u00e9ation des panneau d&rsquo;informations<\/li>\n<li>Birdiebook interactif pour le site internet<\/li>\n<li>Application du club pour les smartphone<\/li>\n<li>Survols virtuels de tous les trous<\/li>\n<li>Application utilisable pour simulateur de golf<\/li>\n<\/ul>\n","protected":false},"featured_media":10418,"template":"","meta":{"_acf_changed":false},"product_brand":[],"product_cat":[962,2757,2759],"product_tag":[2939],"class_list":{"0":"entry","1":"author-sibegolf","2":"has-excerpt","3":"post-14745","4":"product","5":"type-product","6":"status-publish","7":"has-post-thumbnail","8":"product_cat-club-house","9":"product_cat-visualisation-en-3d","10":"product_cat-visualisation-parcours-de-golf","11":"product_tag-sur-demande","13":"first","14":"instock","15":"taxable","16":"shipping-taxable","17":"purchasable","18":"product-type-simple"},"acf":[],"_links":{"self":[{"href":"https:\/\/sibeag.ch\/fr\/wp-json\/wp\/v2\/product\/14745","targetHints":{"allow":["GET"]}}],"collection":[{"href":"https:\/\/sibeag.ch\/fr\/wp-json\/wp\/v2\/product"}],"about":[{"href":"https:\/\/sibeag.ch\/fr\/wp-json\/wp\/v2\/types\/product"}],"wp:featuredmedia":[{"embeddable":true,"href":"https:\/\/sibeag.ch\/fr\/wp-json\/wp\/v2\/media\/10418"}],"wp:attachment":[{"href":"https:\/\/sibeag.ch\/fr\/wp-json\/wp\/v2\/media?parent=14745"}],"wp:term":[{"taxonomy":"product_brand","embeddable":true,"href":"https:\/\/sibeag.ch\/fr\/wp-json\/wp\/v2\/product_brand?post=14745"},{"taxonomy":"product_cat","embeddable":true,"href":"https:\/\/sibeag.ch\/fr\/wp-json\/wp\/v2\/product_cat?post=14745"},{"taxonomy":"product_tag","embeddable":true,"href":"https:\/\/sibeag.ch\/fr\/wp-json\/wp\/v2\/product_tag?post=14745"}],"curies":[{"name":"wp","href":"https:\/\/api.w.org\/{rel}","templated":true}]}}