{"id":14751,"date":"2019-01-25T10:42:50","date_gmt":"2019-02-08T08:33:09","guid":{"rendered":"https:\/\/www.sibeag.ch\/shop\/non%20class\u00e9\/balle-de-practice-bigyard-premium-sr-2-piece-blanche\/"},"modified":"2024-11-30T09:22:29","modified_gmt":"2024-11-30T08:22:29","slug":"balle-de-practice-bigyard-premium-sr-2-piece","status":"publish","type":"product","link":"https:\/\/sibeag.ch\/fr\/practice-driving-range\/zone-de-depart\/balles\/balle-de-practice-bigyard-premium-sr-2-piece\/","title":{"rendered":"Balle de practice BIGYARD Premium SR 2-pi\u00e8ce, blanche"},"content":{"rendered":"","protected":false},"excerpt":{"rendered":"<h1>Balle de practice BIGYARD Premium SR 2-pi\u00e8ce, blanche<\/h1>\n<p>Nos balles de practice de haut de gamme sont comparables \u00e0 ceux des fabricants renomm\u00e9s. La sensation agr\u00e9able, le vol de balle constant et la durabilit\u00e9 exceptionnelle distingue ces balles de practice Premium de ceux sur le march\u00e9 Toutes les balles de practice sont disponible avec une impression individuel. Le mod\u00e8le Standard livr\u00e9 avec l&rsquo;\u00e9criture =RANGE=RANGE est disponible en stock<\/p>\n","protected":false},"featured_media":11264,"template":"","meta":{"_acf_changed":false},"product_brand":[],"product_cat":[964,2768,1109],"product_tag":[2164,2939],"class_list":{"0":"entry","1":"author-sibegolf","2":"has-excerpt","3":"post-14751","4":"product","5":"type-product","6":"status-publish","7":"has-post-thumbnail","8":"product_cat-practice-driving-range","9":"product_cat-zone-de-depart","10":"product_cat-balles","11":"product_tag-logo-fr","12":"product_tag-sur-demande","14":"first","15":"instock","16":"taxable","17":"shipping-taxable","18":"purchasable","19":"product-type-variable"},"acf":[],"_links":{"self":[{"href":"https:\/\/sibeag.ch\/fr\/wp-json\/wp\/v2\/product\/14751","targetHints":{"allow":["GET"]}}],"collection":[{"href":"https:\/\/sibeag.ch\/fr\/wp-json\/wp\/v2\/product"}],"about":[{"href":"https:\/\/sibeag.ch\/fr\/wp-json\/wp\/v2\/types\/product"}],"wp:featuredmedia":[{"embeddable":true,"href":"https:\/\/sibeag.ch\/fr\/wp-json\/wp\/v2\/media\/11264"}],"wp:attachment":[{"href":"https:\/\/sibeag.ch\/fr\/wp-json\/wp\/v2\/media?parent=14751"}],"wp:term":[{"taxonomy":"product_brand","embeddable":true,"href":"https:\/\/sibeag.ch\/fr\/wp-json\/wp\/v2\/product_brand?post=14751"},{"taxonomy":"product_cat","embeddable":true,"href":"https:\/\/sibeag.ch\/fr\/wp-json\/wp\/v2\/product_cat?post=14751"},{"taxonomy":"product_tag","embeddable":true,"href":"https:\/\/sibeag.ch\/fr\/wp-json\/wp\/v2\/product_tag?post=14751"}],"curies":[{"name":"wp","href":"https:\/\/api.w.org\/{rel}","templated":true}]}}