{"id":16449,"date":"2019-01-25T14:51:11","date_gmt":"2019-01-25T14:51:11","guid":{"rendered":"https:\/\/www.sibeag.ch\/shop\/non%20class\u00e9\/point-dancrage-carre\/"},"modified":"2026-02-18T16:16:44","modified_gmt":"2026-02-18T15:16:44","slug":"point-dancrage-carre","status":"publish","type":"product","link":"https:\/\/sibeag.ch\/fr\/parcours-de-golf\/fairway-fr\/marqueurs-dobstacles\/point-dancrage-carre\/","title":{"rendered":"Point d&rsquo;ancrage carr\u00e9"},"content":{"rendered":"","protected":false},"excerpt":{"rendered":"<p><img loading=\"lazy\" decoding=\"async\" class=\"alignright size-medium wp-image-3355\" src=\"https:\/\/www.sibeag.ch\/wp-content\/uploads\/StandardGolf_Logo-300x83.jpg\" alt=\"Logo Standard Golf\" width=\"112\" height=\"31\"><\/p>\n<h1>Point d&rsquo;ancrage carr\u00e9<\/h1>\n<p>Ces points d&rsquo;ancrage carr\u00e9 sont plant\u00e9s dans le sort pour que les marqueurs d&rsquo;obstacles sans pointe peuvent \u00eatre facilement ins\u00e9r\u00e9s. Lors de la tonte, les marqueurs peuvent \u00eatre enlev\u00e9s puis replac\u00e9s dans les points d&rsquo;ancrage<\/p>\n<ul>\n<li>10 cm de hauteur<\/li>\n<li>dimensions \u00e0 l&rsquo;int\u00e9rieur 4 x 4 cm<\/li>\n<li>en plastique<\/li>\n<\/ul>\n","protected":false},"featured_media":8122,"template":"","meta":{"_acf_changed":false},"product_brand":[2972],"product_cat":[961,969,1049],"product_tag":[],"class_list":{"0":"entry","1":"author-sibegolf","2":"has-excerpt","3":"post-16449","4":"product","5":"type-product","6":"status-publish","7":"has-post-thumbnail","8":"product_brand-standard-golf","9":"product_cat-parcours-de-golf","10":"product_cat-fairway-fr","11":"product_cat-marqueurs-dobstacles","13":"first","14":"instock","15":"taxable","16":"shipping-taxable","17":"purchasable","18":"product-type-simple"},"acf":[],"_links":{"self":[{"href":"https:\/\/sibeag.ch\/fr\/wp-json\/wp\/v2\/product\/16449","targetHints":{"allow":["GET"]}}],"collection":[{"href":"https:\/\/sibeag.ch\/fr\/wp-json\/wp\/v2\/product"}],"about":[{"href":"https:\/\/sibeag.ch\/fr\/wp-json\/wp\/v2\/types\/product"}],"wp:featuredmedia":[{"embeddable":true,"href":"https:\/\/sibeag.ch\/fr\/wp-json\/wp\/v2\/media\/8122"}],"wp:attachment":[{"href":"https:\/\/sibeag.ch\/fr\/wp-json\/wp\/v2\/media?parent=16449"}],"wp:term":[{"taxonomy":"product_brand","embeddable":true,"href":"https:\/\/sibeag.ch\/fr\/wp-json\/wp\/v2\/product_brand?post=16449"},{"taxonomy":"product_cat","embeddable":true,"href":"https:\/\/sibeag.ch\/fr\/wp-json\/wp\/v2\/product_cat?post=16449"},{"taxonomy":"product_tag","embeddable":true,"href":"https:\/\/sibeag.ch\/fr\/wp-json\/wp\/v2\/product_tag?post=16449"}],"curies":[{"name":"wp","href":"https:\/\/api.w.org\/{rel}","templated":true}]}}