{"id":16465,"date":"2019-01-25T15:30:37","date_gmt":"2019-01-25T14:30:37","guid":{"rendered":"https:\/\/www.sibeag.ch\/shop\/non%20class\u00e9\/prisme\/"},"modified":"2026-02-18T16:26:01","modified_gmt":"2026-02-18T15:26:01","slug":"prisme","status":"publish","type":"product","link":"https:\/\/sibeag.ch\/fr\/greenkeeping-fr\/outils-de-mesure\/hauteur-du-gazon\/prisme\/","title":{"rendered":"Prisme"},"content":{"rendered":"","protected":false},"excerpt":{"rendered":"<p><img decoding=\"async\" class=\"alignright size-medium wp-image-3355 bms-logo\" src=\"https:\/\/www.sibeag.ch\/wp-content\/uploads\/bms-logo.jpg\" alt=\"Logo BMS\"><\/p>\n<h1>Prisme<\/h1>\n<p>L&rsquo;outil id\u00e9al pour v\u00e9rifier la pr\u00e9cision de la hauteur de coupe. Structure fabriqu\u00e9 en acier inoxydable avec un prisme massif en verre.<\/p>\n<ul>\n<li>pour des hauteurs du gazon de 1 &#8211; 40 mm<\/li>\n<li>inclus: valise en m\u00e9tal<\/li>\n<\/ul>\n","protected":false},"featured_media":9530,"template":"","meta":{"_acf_changed":false},"product_brand":[],"product_cat":[1001,1923,2810],"product_tag":[],"class_list":{"0":"entry","1":"author-sibegolf","2":"has-excerpt","3":"post-16465","4":"product","5":"type-product","6":"status-publish","7":"has-post-thumbnail","8":"product_cat-greenkeeping-fr","9":"product_cat-outils-de-mesure","10":"product_cat-hauteur-du-gazon","12":"first","13":"instock","14":"taxable","15":"shipping-taxable","16":"purchasable","17":"product-type-simple"},"acf":[],"_links":{"self":[{"href":"https:\/\/sibeag.ch\/fr\/wp-json\/wp\/v2\/product\/16465","targetHints":{"allow":["GET"]}}],"collection":[{"href":"https:\/\/sibeag.ch\/fr\/wp-json\/wp\/v2\/product"}],"about":[{"href":"https:\/\/sibeag.ch\/fr\/wp-json\/wp\/v2\/types\/product"}],"wp:featuredmedia":[{"embeddable":true,"href":"https:\/\/sibeag.ch\/fr\/wp-json\/wp\/v2\/media\/9530"}],"wp:attachment":[{"href":"https:\/\/sibeag.ch\/fr\/wp-json\/wp\/v2\/media?parent=16465"}],"wp:term":[{"taxonomy":"product_brand","embeddable":true,"href":"https:\/\/sibeag.ch\/fr\/wp-json\/wp\/v2\/product_brand?post=16465"},{"taxonomy":"product_cat","embeddable":true,"href":"https:\/\/sibeag.ch\/fr\/wp-json\/wp\/v2\/product_cat?post=16465"},{"taxonomy":"product_tag","embeddable":true,"href":"https:\/\/sibeag.ch\/fr\/wp-json\/wp\/v2\/product_tag?post=16465"}],"curies":[{"name":"wp","href":"https:\/\/api.w.org\/{rel}","templated":true}]}}