{"id":16475,"date":"2019-01-25T15:32:27","date_gmt":"2019-02-14T10:20:57","guid":{"rendered":"https:\/\/www.sibeag.ch\/shop\/non%20class\u00e9\/distributeur-de-balles-gl10-pour-10000-balles\/"},"modified":"2024-11-30T09:13:01","modified_gmt":"2024-11-30T08:13:01","slug":"distributeur-de-balles-gl10-pour-10000-balles","status":"publish","type":"product","link":"https:\/\/sibeag.ch\/fr\/practice-driving-range\/systeme-de-gestion-de-balles\/distributeurs-de-balles\/distributeur-de-balles-gl10-pour-10000-balles\/","title":{"rendered":"Distributeur de balles GL10, pour 10&rsquo;000 balles"},"content":{"rendered":"","protected":false},"excerpt":{"rendered":"<p><img decoding=\"async\" class=\"alignright size-medium wp-image-3355 range-servant-logo\" src=\"https:\/\/www.sibeag.ch\/wp-content\/uploads\/range-servant-logo.jpg\" alt=\"Logo Range Servant\"><\/p>\n<h1>Distributeur de balles GL10, pour 10&rsquo;000 balles<\/h1>\n<p>Tous les distributeur de balles GL sont en aluminium recouverte d&rsquo;une couche de peinture laqu\u00e9e verte et offre un syst\u00e8me fiable de distribution par grille et berceau. 6 diff\u00e9rents quantit\u00e9s de balles peuvent \u00eatre programm\u00e9s qui devraient \u00eatre sortie. Chaque distributeur de balles est \u00e9quip\u00e9 avec un monnayeur \u00e0 jetons. Syst\u00e8mes de payements suppl\u00e9mentaires peuvent \u00eatre facilement ajouter.<\/p>\n<ul>\n<li>1260 x 760 x 1476 mm (L x P x H)<\/li>\n<li>capacit\u00e9 de 10&rsquo;000 balles<\/li>\n<li>inclus: monnayeur \u00e0 jetons<\/li>\n<\/ul>\n","protected":false},"featured_media":10796,"template":"","meta":{"_acf_changed":false},"product_brand":[],"product_cat":[964,1084,1118],"product_tag":[1926,2939],"class_list":{"0":"entry","1":"author-sibegolf","2":"has-excerpt","3":"post-16475","4":"product","5":"type-product","6":"status-publish","7":"has-post-thumbnail","8":"product_cat-practice-driving-range","9":"product_cat-distributeurs-de-balles","10":"product_cat-distributeur-de-balles-greenline","11":"product_tag-distributeurs-de-balles","12":"product_tag-sur-demande","14":"first","15":"instock","16":"taxable","17":"shipping-taxable","18":"purchasable","19":"product-type-simple"},"acf":[],"_links":{"self":[{"href":"https:\/\/sibeag.ch\/fr\/wp-json\/wp\/v2\/product\/16475","targetHints":{"allow":["GET"]}}],"collection":[{"href":"https:\/\/sibeag.ch\/fr\/wp-json\/wp\/v2\/product"}],"about":[{"href":"https:\/\/sibeag.ch\/fr\/wp-json\/wp\/v2\/types\/product"}],"wp:featuredmedia":[{"embeddable":true,"href":"https:\/\/sibeag.ch\/fr\/wp-json\/wp\/v2\/media\/10796"}],"wp:attachment":[{"href":"https:\/\/sibeag.ch\/fr\/wp-json\/wp\/v2\/media?parent=16475"}],"wp:term":[{"taxonomy":"product_brand","embeddable":true,"href":"https:\/\/sibeag.ch\/fr\/wp-json\/wp\/v2\/product_brand?post=16475"},{"taxonomy":"product_cat","embeddable":true,"href":"https:\/\/sibeag.ch\/fr\/wp-json\/wp\/v2\/product_cat?post=16475"},{"taxonomy":"product_tag","embeddable":true,"href":"https:\/\/sibeag.ch\/fr\/wp-json\/wp\/v2\/product_tag?post=16475"}],"curies":[{"name":"wp","href":"https:\/\/api.w.org\/{rel}","templated":true}]}}