{"id":16488,"date":"2019-01-25T15:51:45","date_gmt":"2019-01-25T15:51:45","guid":{"rendered":"https:\/\/www.sibeag.ch\/shop\/non%20class\u00e9\/joint-detancheite-pour-bouchon-de-vidange-pour-lave-balles-classic\/"},"modified":"2026-02-18T16:28:55","modified_gmt":"2026-02-18T15:28:55","slug":"joint-detancheite-pour-bouchon-de-vidange-pour-lave-balles-classic","status":"publish","type":"product","link":"https:\/\/sibeag.ch\/fr\/parcours-de-golf\/depart\/lave-balles\/lave-balles-classic\/pieces-detachees-accessoires-pour-lave-balles-classic\/joint-detancheite-pour-bouchon-de-vidange-pour-lave-balles-classic\/","title":{"rendered":"Joint d&rsquo;\u00e9tanch\u00e9it\u00e9 pour bouchon de vidange pour lave-balles Classic"},"content":{"rendered":"","protected":false},"excerpt":{"rendered":"<p><img loading=\"lazy\" decoding=\"async\" src=\"https:\/\/www.sibeag.ch\/wp-content\/uploads\/StandardGolf_Logo-300x83.jpg\" alt=\"Logo de Standard Golf\" width=\"112\" height=\"31\" class=\"alignright size-medium wp-image-3355\"><\/p>\n<h1>Joint d&rsquo;\u00e9tanch\u00e9it\u00e9 pour bouchon de vidange pour lave-balles Classic<\/h1>\n<\/p>\n<ul><\/ul>\n","protected":false},"featured_media":9370,"template":"","meta":{"_acf_changed":false},"product_brand":[2972],"product_cat":[961,966,980,995],"product_tag":[],"class_list":{"0":"entry","1":"author-sibegolf","2":"has-excerpt","3":"post-16488","4":"product","5":"type-product","6":"status-publish","7":"has-post-thumbnail","8":"product_brand-standard-golf","9":"product_cat-parcours-de-golf","10":"product_cat-depart","11":"product_cat-lave-balles","12":"product_cat-pieces-detachees-accessoires-pour-lave-balles-classic","14":"first","15":"instock","16":"taxable","17":"shipping-taxable","18":"purchasable","19":"product-type-simple"},"acf":[],"_links":{"self":[{"href":"https:\/\/sibeag.ch\/fr\/wp-json\/wp\/v2\/product\/16488","targetHints":{"allow":["GET"]}}],"collection":[{"href":"https:\/\/sibeag.ch\/fr\/wp-json\/wp\/v2\/product"}],"about":[{"href":"https:\/\/sibeag.ch\/fr\/wp-json\/wp\/v2\/types\/product"}],"wp:featuredmedia":[{"embeddable":true,"href":"https:\/\/sibeag.ch\/fr\/wp-json\/wp\/v2\/media\/9370"}],"wp:attachment":[{"href":"https:\/\/sibeag.ch\/fr\/wp-json\/wp\/v2\/media?parent=16488"}],"wp:term":[{"taxonomy":"product_brand","embeddable":true,"href":"https:\/\/sibeag.ch\/fr\/wp-json\/wp\/v2\/product_brand?post=16488"},{"taxonomy":"product_cat","embeddable":true,"href":"https:\/\/sibeag.ch\/fr\/wp-json\/wp\/v2\/product_cat?post=16488"},{"taxonomy":"product_tag","embeddable":true,"href":"https:\/\/sibeag.ch\/fr\/wp-json\/wp\/v2\/product_tag?post=16488"}],"curies":[{"name":"wp","href":"https:\/\/api.w.org\/{rel}","templated":true}]}}