{"id":16503,"date":"2019-01-25T15:57:19","date_gmt":"2019-01-25T15:57:19","guid":{"rendered":"https:\/\/www.sibeag.ch\/shop\/non%20class\u00e9\/tete-de-rateau-gold-rake\/"},"modified":"2026-02-18T16:32:52","modified_gmt":"2026-02-18T15:32:52","slug":"tete-de-rateau-gold-rake","status":"publish","type":"product","link":"https:\/\/sibeag.ch\/fr\/parcours-de-golf\/bunker-fr\/tetes-de-rateaux\/tete-de-rateau-gold-rake\/","title":{"rendered":"T\u00eate de r\u00e2teau Gold Rake"},"content":{"rendered":"","protected":false},"excerpt":{"rendered":"<h1>T\u00eate de r\u00e2teau Gold Rake<\/h1>\n<ul>\n<li>t\u00eate d&rsquo;un largeur de 58 cm<\/li>\n<li>vert<\/li>\n<\/ul>\n","protected":false},"featured_media":11213,"template":"","meta":{"_acf_changed":false},"product_brand":[],"product_cat":[961,984,996],"product_tag":[],"class_list":{"0":"entry","1":"author-sibegolf","2":"has-excerpt","3":"post-16503","4":"product","5":"type-product","6":"status-publish","7":"has-post-thumbnail","8":"product_cat-parcours-de-golf","9":"product_cat-bunker-fr","10":"product_cat-tetes-de-rateaux","12":"first","13":"instock","14":"taxable","15":"shipping-taxable","16":"purchasable","17":"product-type-simple"},"acf":[],"_links":{"self":[{"href":"https:\/\/sibeag.ch\/fr\/wp-json\/wp\/v2\/product\/16503","targetHints":{"allow":["GET"]}}],"collection":[{"href":"https:\/\/sibeag.ch\/fr\/wp-json\/wp\/v2\/product"}],"about":[{"href":"https:\/\/sibeag.ch\/fr\/wp-json\/wp\/v2\/types\/product"}],"wp:featuredmedia":[{"embeddable":true,"href":"https:\/\/sibeag.ch\/fr\/wp-json\/wp\/v2\/media\/11213"}],"wp:attachment":[{"href":"https:\/\/sibeag.ch\/fr\/wp-json\/wp\/v2\/media?parent=16503"}],"wp:term":[{"taxonomy":"product_brand","embeddable":true,"href":"https:\/\/sibeag.ch\/fr\/wp-json\/wp\/v2\/product_brand?post=16503"},{"taxonomy":"product_cat","embeddable":true,"href":"https:\/\/sibeag.ch\/fr\/wp-json\/wp\/v2\/product_cat?post=16503"},{"taxonomy":"product_tag","embeddable":true,"href":"https:\/\/sibeag.ch\/fr\/wp-json\/wp\/v2\/product_tag?post=16503"}],"curies":[{"name":"wp","href":"https:\/\/api.w.org\/{rel}","templated":true}]}}