{"id":16511,"date":"2019-01-25T15:56:40","date_gmt":"2019-02-14T12:42:06","guid":{"rendered":"https:\/\/www.sibeag.ch\/shop\/non%20class\u00e9\/pre-laveuse-soaker-4000\/"},"modified":"2024-11-30T09:07:46","modified_gmt":"2024-11-30T08:07:46","slug":"pre-laveuse-soaker-4000","status":"publish","type":"product","link":"https:\/\/sibeag.ch\/fr\/practice-driving-range\/systeme-de-gestion-de-balles\/lave-balles-fr\/pre-laveuse-soaker-4000\/","title":{"rendered":"Pr\u00e9 Laveuse Soaker 4000"},"content":{"rendered":"","protected":false},"excerpt":{"rendered":"<p><img decoding=\"async\" class=\"alignright size-medium wp-image-3355 range-servant-logo\" src=\"https:\/\/www.sibeag.ch\/wp-content\/uploads\/range-servant-logo.jpg\" alt=\"Logo Range Servant\"><\/p>\n<h1>Pr\u00e9 Laveuse Soaker 4000<\/h1>\n<p>Utilisez la pr\u00e9-laveuse pour \u00e9liminer les couches de terre ou les d\u00e9bris qui enrobent les balles avant de les diriger vers un lave balles. L&rsquo;\u00e9l\u00e9vateur int\u00e9gr\u00e9 transporte les balles dans une vitesse modifiable dans le lave balles de votre choix.<\/p>\n<ul>\n<li>capacit\u00e9 de 4&rsquo;000 balles<\/li>\n<li>\u00e9l\u00e9vateur avec raccordement pour lave-balles BT1950 inclus<\/li>\n<\/ul>\n","protected":false},"featured_media":10780,"template":"","meta":{"_acf_changed":false},"product_brand":[],"product_cat":[964,1073,1129],"product_tag":[1928,2939],"class_list":{"0":"entry","1":"author-sibegolf","2":"has-excerpt","3":"post-16511","4":"product","5":"type-product","6":"status-publish","7":"has-post-thumbnail","8":"product_cat-practice-driving-range","9":"product_cat-lave-balles-fr","10":"product_cat-pre-laveuse-soaker-4000","11":"product_tag-lave-balles","12":"product_tag-sur-demande","14":"first","15":"instock","16":"taxable","17":"shipping-taxable","18":"purchasable","19":"product-type-simple"},"acf":[],"_links":{"self":[{"href":"https:\/\/sibeag.ch\/fr\/wp-json\/wp\/v2\/product\/16511","targetHints":{"allow":["GET"]}}],"collection":[{"href":"https:\/\/sibeag.ch\/fr\/wp-json\/wp\/v2\/product"}],"about":[{"href":"https:\/\/sibeag.ch\/fr\/wp-json\/wp\/v2\/types\/product"}],"wp:featuredmedia":[{"embeddable":true,"href":"https:\/\/sibeag.ch\/fr\/wp-json\/wp\/v2\/media\/10780"}],"wp:attachment":[{"href":"https:\/\/sibeag.ch\/fr\/wp-json\/wp\/v2\/media?parent=16511"}],"wp:term":[{"taxonomy":"product_brand","embeddable":true,"href":"https:\/\/sibeag.ch\/fr\/wp-json\/wp\/v2\/product_brand?post=16511"},{"taxonomy":"product_cat","embeddable":true,"href":"https:\/\/sibeag.ch\/fr\/wp-json\/wp\/v2\/product_cat?post=16511"},{"taxonomy":"product_tag","embeddable":true,"href":"https:\/\/sibeag.ch\/fr\/wp-json\/wp\/v2\/product_tag?post=16511"}],"curies":[{"name":"wp","href":"https:\/\/api.w.org\/{rel}","templated":true}]}}