{"id":16513,"date":"2019-01-25T15:26:00","date_gmt":"2019-01-25T15:26:00","guid":{"rendered":"https:\/\/www.sibeag.ch\/shop\/non%20class\u00e9\/bogey-dhiver-20-3-cm-en-plastique-blanc\/"},"modified":"2026-02-18T16:22:16","modified_gmt":"2026-02-18T15:22:16","slug":"bogey-dhiver-20-3-cm-en-plastique-blanc","status":"publish","type":"product","link":"https:\/\/sibeag.ch\/fr\/parcours-de-golf\/green-fr\/bogeys-accessoires\/bogey-dhiver-20-3-cm-en-plastique-blanc\/","title":{"rendered":"Bogey d&rsquo;hiver 20.3 cm, en plastique, blanc"},"content":{"rendered":"","protected":false},"excerpt":{"rendered":"<p><img loading=\"lazy\" decoding=\"async\" class=\"alignright size-medium wp-image-3355 paraide-logo\" src=\"https:\/\/www.sibeag.ch\/wp-content\/uploads\/ParAide-Logo-50x50.jpg\" alt=\"Logo Par Aide\" width=\"50\" height=\"50\" \/><\/p>\n<h1>Bogey d&rsquo;hiver 20.3 cm, en plastique, blanc<\/h1>\n<ul>\n<li>20.3 cm de diam\u00e8tre<\/li>\n<li>7.6 cm de hauteur<\/li>\n<li>en plastique<\/li>\n<li>Hole Cutter complet ou adaptateur pour les Hole Cutter \u00e9xistantes sont disponible s\u00e9par\u00e9ment<\/li>\n<\/ul>\n","protected":false},"featured_media":7257,"template":"","meta":{"_acf_changed":false},"product_brand":[],"product_cat":[961,971,1029],"product_tag":[],"class_list":{"0":"entry","1":"author-sibegolf","2":"has-excerpt","3":"post-16513","4":"product","5":"type-product","6":"status-publish","7":"has-post-thumbnail","8":"product_cat-parcours-de-golf","9":"product_cat-green-fr","10":"product_cat-bogeys-accessoires","12":"first","13":"instock","14":"taxable","15":"shipping-taxable","16":"purchasable","17":"product-type-simple"},"acf":[],"_links":{"self":[{"href":"https:\/\/sibeag.ch\/fr\/wp-json\/wp\/v2\/product\/16513","targetHints":{"allow":["GET"]}}],"collection":[{"href":"https:\/\/sibeag.ch\/fr\/wp-json\/wp\/v2\/product"}],"about":[{"href":"https:\/\/sibeag.ch\/fr\/wp-json\/wp\/v2\/types\/product"}],"wp:featuredmedia":[{"embeddable":true,"href":"https:\/\/sibeag.ch\/fr\/wp-json\/wp\/v2\/media\/7257"}],"wp:attachment":[{"href":"https:\/\/sibeag.ch\/fr\/wp-json\/wp\/v2\/media?parent=16513"}],"wp:term":[{"taxonomy":"product_brand","embeddable":true,"href":"https:\/\/sibeag.ch\/fr\/wp-json\/wp\/v2\/product_brand?post=16513"},{"taxonomy":"product_cat","embeddable":true,"href":"https:\/\/sibeag.ch\/fr\/wp-json\/wp\/v2\/product_cat?post=16513"},{"taxonomy":"product_tag","embeddable":true,"href":"https:\/\/sibeag.ch\/fr\/wp-json\/wp\/v2\/product_tag?post=16513"}],"curies":[{"name":"wp","href":"https:\/\/api.w.org\/{rel}","templated":true}]}}