{"id":16525,"date":"2019-01-25T15:29:54","date_gmt":"2019-01-25T15:29:54","guid":{"rendered":"https:\/\/www.sibeag.ch\/shop\/non%20class\u00e9\/support-de-rateau\/"},"modified":"2026-02-18T16:25:34","modified_gmt":"2026-02-18T15:25:34","slug":"support-rateau-disc","status":"publish","type":"product","link":"https:\/\/sibeag.ch\/fr\/parcours-de-golf\/bunker-fr\/supports-pour-rateau\/support-rateau-disc\/","title":{"rendered":"Support de r\u00e2teau Disc"},"content":{"rendered":"","protected":false},"excerpt":{"rendered":"<p><img decoding=\"async\" class=\"alignright size-medium wp-image-3355 bms-logo\" src=\"https:\/\/www.sibeag.ch\/wp-content\/uploads\/bms-logo.jpg\" alt=\"Logo BMS\"><\/p>\n<h1>Support de r\u00e2teau Disc<\/h1>\n<ul>\n<li>14 cm de diam\u00e8tre<\/li>\n<li>compatible avec toutes les manches de r\u00e2teau avec un diam\u00e8tre jusqu&rsquo;\u00e0 \u00f8 2.54 cm<\/li>\n<li>avec espace promotionnelle<\/li>\n<li>en plastique noir<\/li>\n<\/ul>\n","protected":false},"featured_media":22317,"template":"","meta":{"_acf_changed":false},"product_brand":[],"product_cat":[984,1144],"product_tag":[],"class_list":{"0":"entry","1":"author-sibegolf","2":"has-excerpt","3":"post-16525","4":"product","5":"type-product","6":"status-publish","7":"has-post-thumbnail","8":"product_cat-bunker-fr","9":"product_cat-supports-pour-rateau","11":"first","12":"instock","13":"taxable","14":"shipping-taxable","15":"purchasable","16":"product-type-simple"},"acf":[],"_links":{"self":[{"href":"https:\/\/sibeag.ch\/fr\/wp-json\/wp\/v2\/product\/16525","targetHints":{"allow":["GET"]}}],"collection":[{"href":"https:\/\/sibeag.ch\/fr\/wp-json\/wp\/v2\/product"}],"about":[{"href":"https:\/\/sibeag.ch\/fr\/wp-json\/wp\/v2\/types\/product"}],"wp:featuredmedia":[{"embeddable":true,"href":"https:\/\/sibeag.ch\/fr\/wp-json\/wp\/v2\/media\/22317"}],"wp:attachment":[{"href":"https:\/\/sibeag.ch\/fr\/wp-json\/wp\/v2\/media?parent=16525"}],"wp:term":[{"taxonomy":"product_brand","embeddable":true,"href":"https:\/\/sibeag.ch\/fr\/wp-json\/wp\/v2\/product_brand?post=16525"},{"taxonomy":"product_cat","embeddable":true,"href":"https:\/\/sibeag.ch\/fr\/wp-json\/wp\/v2\/product_cat?post=16525"},{"taxonomy":"product_tag","embeddable":true,"href":"https:\/\/sibeag.ch\/fr\/wp-json\/wp\/v2\/product_tag?post=16525"}],"curies":[{"name":"wp","href":"https:\/\/api.w.org\/{rel}","templated":true}]}}