{"id":16526,"date":"2019-01-25T15:29:57","date_gmt":"2019-01-25T15:29:57","guid":{"rendered":"https:\/\/www.sibeag.ch\/shop\/non%20class\u00e9\/station-dacceuil-hole-cutter\/"},"modified":"2026-02-18T16:25:36","modified_gmt":"2026-02-18T15:25:36","slug":"station-dacceuil-hole-cutter","status":"publish","type":"product","link":"https:\/\/sibeag.ch\/fr\/greenkeeping-fr\/traitement-des-greens\/hole-cutters-accessoires\/station-dacceuil-hole-cutter\/","title":{"rendered":"Station d\u2019accueil Hole Cutter"},"content":{"rendered":"","protected":false},"excerpt":{"rendered":"<p><img decoding=\"async\" class=\"alignright size-medium wp-image-3355 bms-logo\" src=\"https:\/\/www.sibeag.ch\/wp-content\/uploads\/bms-logo.jpg\" alt=\"Logo BMS\"><\/p>\n<h1>Station d\u2019accueil Hole Cutter<\/h1>\n<p>La station d\u2019accueil Hole Cutter est tr\u00e8s utile pour poser le Hole Cutter sur le Green et prot\u00e8ge en m\u00eame temps la lame du Hole Cutter pendant le transporter.<\/p>\n<ul>\n<li>compatible avec tous les Hole Cutters<\/li>\n<li>en plastique<\/li>\n<li>peut \u00eatre mont\u00e9 sur une voiturette<\/li>\n<\/ul>\n","protected":false},"featured_media":9506,"template":"","meta":{"_acf_changed":false},"product_brand":[],"product_cat":[1001,1028,1024,2790],"product_tag":[],"class_list":{"0":"entry","1":"author-sibegolf","2":"has-excerpt","3":"post-16526","4":"product","5":"type-product","6":"status-publish","7":"has-post-thumbnail","8":"product_cat-greenkeeping-fr","9":"product_cat-traitement-des-greens","10":"product_cat-hole-cutters-accessoires","11":"product_cat-accessoires-fr-2","13":"first","14":"instock","15":"taxable","16":"shipping-taxable","17":"purchasable","18":"product-type-simple"},"acf":[],"_links":{"self":[{"href":"https:\/\/sibeag.ch\/fr\/wp-json\/wp\/v2\/product\/16526","targetHints":{"allow":["GET"]}}],"collection":[{"href":"https:\/\/sibeag.ch\/fr\/wp-json\/wp\/v2\/product"}],"about":[{"href":"https:\/\/sibeag.ch\/fr\/wp-json\/wp\/v2\/types\/product"}],"wp:featuredmedia":[{"embeddable":true,"href":"https:\/\/sibeag.ch\/fr\/wp-json\/wp\/v2\/media\/9506"}],"wp:attachment":[{"href":"https:\/\/sibeag.ch\/fr\/wp-json\/wp\/v2\/media?parent=16526"}],"wp:term":[{"taxonomy":"product_brand","embeddable":true,"href":"https:\/\/sibeag.ch\/fr\/wp-json\/wp\/v2\/product_brand?post=16526"},{"taxonomy":"product_cat","embeddable":true,"href":"https:\/\/sibeag.ch\/fr\/wp-json\/wp\/v2\/product_cat?post=16526"},{"taxonomy":"product_tag","embeddable":true,"href":"https:\/\/sibeag.ch\/fr\/wp-json\/wp\/v2\/product_tag?post=16526"}],"curies":[{"name":"wp","href":"https:\/\/api.w.org\/{rel}","templated":true}]}}