{"id":16548,"date":"2019-01-25T15:54:33","date_gmt":"2019-02-14T15:16:42","guid":{"rendered":"https:\/\/www.sibeag.ch\/shop\/non%20class\u00e9\/joint-detancheite-pour-couvercle-de-lave-balles-premier\/"},"modified":"2019-09-23T09:54:43","modified_gmt":"2019-09-23T09:54:43","slug":"joint-detancheite-pour-couvercle-de-lave-balles-premier","status":"publish","type":"product","link":"https:\/\/sibeag.ch\/fr\/parcours-de-golf\/depart\/lave-balles\/lave-balles-medalist\/pieces-detachees-accessoires-pour-lave-balles-medalist\/joint-detancheite-pour-couvercle-de-lave-balles-premier\/","title":{"rendered":"Joint d\u2019\u00e9tanch\u00e9it\u00e9 pour couvercle de lave-balles Medalist"},"content":{"rendered":"","protected":false},"excerpt":{"rendered":"<p><img loading=\"lazy\" decoding=\"async\" class=\"alignright size-medium wp-image-3355\" src=\"https:\/\/www.sibeag.ch\/wp-content\/uploads\/StandardGolf_Logo-300x83.jpg\" alt=\"Logo de Standard Golf\" width=\"112\" height=\"31\"><\/p>\n<h1>Joint d\u2019\u00e9tanch\u00e9it\u00e9 pour couvercle de lave-balles Medalist<\/h1>\n","protected":false},"featured_media":0,"template":"","meta":{"_acf_changed":false},"product_brand":[],"product_cat":[961,966,980,994,993],"product_tag":[],"class_list":{"0":"entry","1":"author-sibegolf","2":"has-excerpt","3":"post-16548","4":"product","5":"type-product","6":"status-publish","7":"product_cat-parcours-de-golf","8":"product_cat-depart","9":"product_cat-lave-balles","10":"product_cat-pieces-detachees-accessoires-pour-lave-balles-medalist","11":"product_cat-pieces-detachees-accessoires-pour-lave-balles-premier","13":"first","14":"instock","15":"taxable","16":"shipping-taxable","17":"purchasable","18":"product-type-simple"},"acf":[],"_links":{"self":[{"href":"https:\/\/sibeag.ch\/fr\/wp-json\/wp\/v2\/product\/16548","targetHints":{"allow":["GET"]}}],"collection":[{"href":"https:\/\/sibeag.ch\/fr\/wp-json\/wp\/v2\/product"}],"about":[{"href":"https:\/\/sibeag.ch\/fr\/wp-json\/wp\/v2\/types\/product"}],"wp:attachment":[{"href":"https:\/\/sibeag.ch\/fr\/wp-json\/wp\/v2\/media?parent=16548"}],"wp:term":[{"taxonomy":"product_brand","embeddable":true,"href":"https:\/\/sibeag.ch\/fr\/wp-json\/wp\/v2\/product_brand?post=16548"},{"taxonomy":"product_cat","embeddable":true,"href":"https:\/\/sibeag.ch\/fr\/wp-json\/wp\/v2\/product_cat?post=16548"},{"taxonomy":"product_tag","embeddable":true,"href":"https:\/\/sibeag.ch\/fr\/wp-json\/wp\/v2\/product_tag?post=16548"}],"curies":[{"name":"wp","href":"https:\/\/api.w.org\/{rel}","templated":true}]}}