{"id":16555,"date":"2019-01-25T08:27:41","date_gmt":"2019-01-25T08:27:41","guid":{"rendered":"https:\/\/www.sibeag.ch\/shop\/non%20class\u00e9\/hampe-de-putting-green\/"},"modified":"2026-02-18T16:55:46","modified_gmt":"2026-02-18T15:55:46","slug":"hampe-de-putting-green","status":"publish","type":"product","link":"https:\/\/sibeag.ch\/fr\/putting-green-fr\/hampes-de-putting-green\/hampe-de-putting-green\/","title":{"rendered":"Hampe de Putting Green"},"content":{"rendered":"","protected":false},"excerpt":{"rendered":"<p><img loading=\"lazy\" decoding=\"async\" class=\"alignright size-medium wp-image-3355\" src=\"https:\/\/www.sibeag.ch\/wp-content\/uploads\/StandardGolf_Logo-300x83.jpg\" alt=\"Logo Standard Golf\" width=\"112\" height=\"31\"><\/p>\n<h1>Hampe de Putting Green<\/h1>\n<p>Les hampes de Putting Green sont \u00e9quip\u00e9 avec des filetages sur les deux c\u00f4t\u00e9s permettant la fixation de la poign\u00e9e et de l&#8217;embase. Ceci permet la fixation de la poign\u00e9e et de l&#8217;embase.<\/p>\n<ul>\n<li>71 cm de long<\/li>\n<li>1.0 cm de diam\u00e8tre<\/li>\n<li>construction en fibre de verre, solide<\/li>\n<\/ul>\n","protected":false},"featured_media":8886,"template":"","meta":{"_acf_changed":false},"product_brand":[],"product_cat":[1004,1007],"product_tag":[],"class_list":{"0":"entry","1":"author-sibegolf","2":"has-excerpt","3":"post-16555","4":"product","5":"type-product","6":"status-publish","7":"has-post-thumbnail","8":"product_cat-putting-green-fr","9":"product_cat-hampes-de-putting-green","11":"first","12":"instock","13":"taxable","14":"shipping-taxable","15":"purchasable","16":"product-type-variable"},"acf":[],"_links":{"self":[{"href":"https:\/\/sibeag.ch\/fr\/wp-json\/wp\/v2\/product\/16555","targetHints":{"allow":["GET"]}}],"collection":[{"href":"https:\/\/sibeag.ch\/fr\/wp-json\/wp\/v2\/product"}],"about":[{"href":"https:\/\/sibeag.ch\/fr\/wp-json\/wp\/v2\/types\/product"}],"wp:featuredmedia":[{"embeddable":true,"href":"https:\/\/sibeag.ch\/fr\/wp-json\/wp\/v2\/media\/8886"}],"wp:attachment":[{"href":"https:\/\/sibeag.ch\/fr\/wp-json\/wp\/v2\/media?parent=16555"}],"wp:term":[{"taxonomy":"product_brand","embeddable":true,"href":"https:\/\/sibeag.ch\/fr\/wp-json\/wp\/v2\/product_brand?post=16555"},{"taxonomy":"product_cat","embeddable":true,"href":"https:\/\/sibeag.ch\/fr\/wp-json\/wp\/v2\/product_cat?post=16555"},{"taxonomy":"product_tag","embeddable":true,"href":"https:\/\/sibeag.ch\/fr\/wp-json\/wp\/v2\/product_tag?post=16555"}],"curies":[{"name":"wp","href":"https:\/\/api.w.org\/{rel}","templated":true}]}}