{"id":16586,"date":"2019-01-25T15:54:00","date_gmt":"2019-02-14T16:49:30","guid":{"rendered":"https:\/\/www.sibeag.ch\/shop\/non%20class\u00e9\/ramasse-balles-light-2-elements\/"},"modified":"2026-02-18T17:21:29","modified_gmt":"2026-02-18T16:21:29","slug":"ramasse-balles-light-2-elements","status":"publish","type":"product","link":"https:\/\/sibeag.ch\/fr\/practice-driving-range\/ramasse-balles\/ramasse-balles-light\/ramasse-balles-light-2-elements\/","title":{"rendered":"Ramasse balles Light, 2 \u00e9l\u00e9ments"},"content":{"rendered":"","protected":false},"excerpt":{"rendered":"<p><img decoding=\"async\" class=\"alignright size-medium wp-image-3355 range-servant-logo\" src=\"https:\/\/www.sibeag.ch\/wp-content\/uploads\/range-servant-logo.jpg\" alt=\"Logo Range Servant\" \/><\/p>\n<h1>Ramasse balles Light, 2 \u00e9l\u00e9ments<\/h1>\n<p>Les ramasse balles Range Servant \u00ab Light \u00bb sont les plus r\u00e9sistants de leur cat\u00e9gorie. Pour les construire, Range Servant utilise de l\u2019aluminium de premi\u00e8re qualit\u00e9 associ\u00e9 \u00e0 de l\u2019acier galvanis\u00e9 inoxydable. La construction aide \u00e0 r\u00e9sister \u00e0 une utilisation intensive et \u00e0 s\u2019adapter aux situations les plus d\u00e9licates. Chaque panier \u00e0 une capacit\u00e9 de 400 balles. La configuration lin\u00e9aire des ramasse balles \u00ab Light \u00bb avec la fourche en \u00ab\u00a0A\u00a0\u00bb pivotante leur donne la flexibilit\u00e9 n\u00e9cessaire pour faire des man\u0153uvre sans \u00e0 coup en marche avant ou arri\u00e8re.<\/p>\n<ul>\n<li>16580 mm de large<\/li>\n<li>avec 4 paniers<\/li>\n<li>inclus: fourche en \u00ab\u00a0A\u00a0\u00bb compatible avec les attelages de remorque courants<\/li>\n<li>disponible avec disques Multiflex ou plastique<\/li>\n<\/ul>\n","protected":false},"featured_media":10820,"template":"","meta":{"_acf_changed":false},"product_brand":[],"product_cat":[964,1107,1124],"product_tag":[1925,2939],"class_list":{"0":"entry","1":"author-sibegolf","2":"has-excerpt","3":"post-16586","4":"product","5":"type-product","6":"status-publish","7":"has-post-thumbnail","8":"product_cat-practice-driving-range","9":"product_cat-ramasse-balles","10":"product_cat-ramasse-balles-light","11":"product_tag-ramasse-balles","12":"product_tag-sur-demande","14":"first","15":"instock","16":"taxable","17":"shipping-taxable","18":"purchasable","19":"product-type-variable"},"acf":[],"_links":{"self":[{"href":"https:\/\/sibeag.ch\/fr\/wp-json\/wp\/v2\/product\/16586","targetHints":{"allow":["GET"]}}],"collection":[{"href":"https:\/\/sibeag.ch\/fr\/wp-json\/wp\/v2\/product"}],"about":[{"href":"https:\/\/sibeag.ch\/fr\/wp-json\/wp\/v2\/types\/product"}],"wp:featuredmedia":[{"embeddable":true,"href":"https:\/\/sibeag.ch\/fr\/wp-json\/wp\/v2\/media\/10820"}],"wp:attachment":[{"href":"https:\/\/sibeag.ch\/fr\/wp-json\/wp\/v2\/media?parent=16586"}],"wp:term":[{"taxonomy":"product_brand","embeddable":true,"href":"https:\/\/sibeag.ch\/fr\/wp-json\/wp\/v2\/product_brand?post=16586"},{"taxonomy":"product_cat","embeddable":true,"href":"https:\/\/sibeag.ch\/fr\/wp-json\/wp\/v2\/product_cat?post=16586"},{"taxonomy":"product_tag","embeddable":true,"href":"https:\/\/sibeag.ch\/fr\/wp-json\/wp\/v2\/product_tag?post=16586"}],"curies":[{"name":"wp","href":"https:\/\/api.w.org\/{rel}","templated":true}]}}