{"id":16655,"date":"2019-01-25T15:57:51","date_gmt":"2019-01-25T15:57:51","guid":{"rendered":"https:\/\/www.sibeag.ch\/shop\/non%20class\u00e9\/plateforme-du-nettoyage-zelup-station\/"},"modified":"2026-02-18T16:33:04","modified_gmt":"2026-02-18T15:33:04","slug":"plateforme-nettoyage-zellteck","status":"publish","type":"product","link":"https:\/\/sibeag.ch\/fr\/club-house\/zone-de-nettoyage\/stations-de-nettoyage\/station-de-nettoyage-zelup\/plateforme-nettoyage-zellteck\/","title":{"rendered":"Plateforme de nettoyage Zellteck"},"content":{"rendered":"","protected":false},"excerpt":{"rendered":"<p><img decoding=\"async\" class=\"alignright size-medium wp-image-3355 logo-zelup\" src=\"https:\/\/www.sibeag.ch\/wp-content\/uploads\/ZK-LogoRVB-original@2x.png\" alt=\"Logo Zelup\"><\/p>\n<h1>Plateforme de nettoyage Zellteck<\/h1>\n<p>La plateforme Zellteck retient les impuret\u00e9s qui s&rsquo;accumulent au fond et l&rsquo;eau utilis\u00e9e lors du nettoyage. Le tube de 80 mm de diam\u00e8tre a \u00e9t\u00e9 pr\u00e9vue pour l\u2019\u00e9vacuation de l\u2019eau. La profondeur du bac de 15 cm est suffisamment m\u00eame pour une utilisation intensive. Les pieds sont r\u00e9glables ind\u00e9pendamment, permettant son implantation sur tout type de sol.<\/p>\n<ul>\n<li>1.50 x 1.00 x 0.15 m (L x P x H)<\/li>\n<li>id\u00e9al en combinaison avec la Zelup Box et le Z-Spray<\/li>\n<\/ul>\n","protected":false},"featured_media":11174,"template":"","meta":{"_acf_changed":false},"product_brand":[],"product_cat":[962,1081,2765,1082],"product_tag":[],"class_list":{"0":"entry","1":"author-sibegolf","2":"has-excerpt","3":"post-16655","4":"product","5":"type-product","6":"status-publish","7":"has-post-thumbnail","8":"product_cat-club-house","9":"product_cat-zone-de-nettoyage","10":"product_cat-stations-de-nettoyage","11":"product_cat-station-de-nettoyage-zelup","13":"first","14":"instock","15":"taxable","16":"shipping-taxable","17":"purchasable","18":"product-type-simple"},"acf":[],"_links":{"self":[{"href":"https:\/\/sibeag.ch\/fr\/wp-json\/wp\/v2\/product\/16655","targetHints":{"allow":["GET"]}}],"collection":[{"href":"https:\/\/sibeag.ch\/fr\/wp-json\/wp\/v2\/product"}],"about":[{"href":"https:\/\/sibeag.ch\/fr\/wp-json\/wp\/v2\/types\/product"}],"wp:featuredmedia":[{"embeddable":true,"href":"https:\/\/sibeag.ch\/fr\/wp-json\/wp\/v2\/media\/11174"}],"wp:attachment":[{"href":"https:\/\/sibeag.ch\/fr\/wp-json\/wp\/v2\/media?parent=16655"}],"wp:term":[{"taxonomy":"product_brand","embeddable":true,"href":"https:\/\/sibeag.ch\/fr\/wp-json\/wp\/v2\/product_brand?post=16655"},{"taxonomy":"product_cat","embeddable":true,"href":"https:\/\/sibeag.ch\/fr\/wp-json\/wp\/v2\/product_cat?post=16655"},{"taxonomy":"product_tag","embeddable":true,"href":"https:\/\/sibeag.ch\/fr\/wp-json\/wp\/v2\/product_tag?post=16655"}],"curies":[{"name":"wp","href":"https:\/\/api.w.org\/{rel}","templated":true}]}}