{"id":16656,"date":"2019-01-25T15:56:43","date_gmt":"2019-02-15T08:43:01","guid":{"rendered":"https:\/\/www.sibeag.ch\/shop\/non%20class\u00e9\/lecteur-de-carte-nayax-vpos\/"},"modified":"2024-11-30T15:15:53","modified_gmt":"2024-11-30T14:15:53","slug":"lecteur-de-carte-nayax-onyx","status":"publish","type":"product","link":"https:\/\/sibeag.ch\/fr\/practice-driving-range\/systeme-de-gestion-de-balles\/systemes-de-paiement\/lecteur-de-carte-nayax-onyx\/","title":{"rendered":"Lecteur de carte Nayax ONYX"},"content":{"rendered":"","protected":false},"excerpt":{"rendered":"<h1>Lecteur de carte Nayax ONYX<\/h1>\n<p>Le lecteur de carte Nayax ONYX permet les modes de paiement suivants :<\/p>\n<ul>\n<li>Cartes de cr\u00e9dit<\/li>\n<li>Paiements par smartphone, NFC<\/li>\n<li>Cartes pr\u00e9pay\u00e9es \/ Cartes de membre<\/li>\n<li>Cartes magn\u00e9tique<\/li>\n<li>Cartes \u00e0 puce \u00e0 contact (insertion) et sans contact<\/li>\n<\/ul>\n<p>Le syst\u00e8me Nayax se distingue en outre par les fonctions suivantes<\/p>\n<ul>\n<li>Int\u00e9gration transparente \u00e0 t\u00e9l\u00e9maintenance, paiement sans esp\u00e8ces, surveillance, gestion et informatique d\u00e9cisionnelle<\/li>\n<li>Surveillez votre machine \u00e0 balles en temps r\u00e9el<\/li>\n<li>Rapports, alertes et inventaires<\/li>\n<\/ul>\n","protected":false},"featured_media":83806,"template":"","meta":{"_acf_changed":false},"product_brand":[],"product_cat":[964,1076],"product_tag":[2939],"class_list":{"0":"entry","1":"author-sibegolf","2":"has-excerpt","3":"post-16656","4":"product","5":"type-product","6":"status-publish","7":"has-post-thumbnail","8":"product_cat-practice-driving-range","9":"product_cat-systemes-de-paiement","10":"product_tag-sur-demande","12":"first","13":"instock","14":"taxable","15":"shipping-taxable","16":"purchasable","17":"product-type-simple"},"acf":[],"_links":{"self":[{"href":"https:\/\/sibeag.ch\/fr\/wp-json\/wp\/v2\/product\/16656","targetHints":{"allow":["GET"]}}],"collection":[{"href":"https:\/\/sibeag.ch\/fr\/wp-json\/wp\/v2\/product"}],"about":[{"href":"https:\/\/sibeag.ch\/fr\/wp-json\/wp\/v2\/types\/product"}],"wp:featuredmedia":[{"embeddable":true,"href":"https:\/\/sibeag.ch\/fr\/wp-json\/wp\/v2\/media\/83806"}],"wp:attachment":[{"href":"https:\/\/sibeag.ch\/fr\/wp-json\/wp\/v2\/media?parent=16656"}],"wp:term":[{"taxonomy":"product_brand","embeddable":true,"href":"https:\/\/sibeag.ch\/fr\/wp-json\/wp\/v2\/product_brand?post=16656"},{"taxonomy":"product_cat","embeddable":true,"href":"https:\/\/sibeag.ch\/fr\/wp-json\/wp\/v2\/product_cat?post=16656"},{"taxonomy":"product_tag","embeddable":true,"href":"https:\/\/sibeag.ch\/fr\/wp-json\/wp\/v2\/product_tag?post=16656"}],"curies":[{"name":"wp","href":"https:\/\/api.w.org\/{rel}","templated":true}]}}