{"id":16661,"date":"2019-01-25T15:57:20","date_gmt":"2019-01-25T14:57:20","guid":{"rendered":"https:\/\/www.sibeag.ch\/shop\/non%20class\u00e9\/lunettes-turf-spy\/"},"modified":"2026-02-18T16:32:53","modified_gmt":"2026-02-18T15:32:53","slug":"lunettes-turf-spy","status":"publish","type":"product","link":"https:\/\/sibeag.ch\/fr\/greenkeeping-fr\/traitement-des-greens\/outils-de-reparation\/lunettes-turf-spy\/","title":{"rendered":"Lunettes Turf Spy"},"content":{"rendered":"","protected":false},"excerpt":{"rendered":"<p><img decoding=\"async\" class=\"alignright size-medium wp-image-3355 underhill-logo\" src=\"https:\/\/www.sibeag.ch\/wp-content\/uploads\/logo-underhill.png\" alt=\"Logo Underhill\" width=\"112\"><\/p>\n<h1>Lunettes Turf Spy<\/h1>\n<p>Les lunettes Turf Spy aident de d\u00e9tecter les zones endommag\u00e9es. Avec les lunettes Turf Spy vous d\u00e9tectez les zones endommag\u00e9es 10 jours plus t\u00f4t que sans les lunettes et permettent d&rsquo;agir \u00e0 un stade pr\u00e9coce.<\/p>\n<ul>\n<li>crochets auriculaires ajustables<\/li>\n<li>\u00e9tui de protection inclus<\/li>\n<\/ul>\n","protected":false},"featured_media":10170,"template":"","meta":{"_acf_changed":false},"product_brand":[],"product_cat":[1001,1028,1113,1025],"product_tag":[],"class_list":{"0":"entry","1":"author-sibegolf","2":"has-excerpt","3":"post-16661","4":"product","5":"type-product","6":"status-publish","7":"has-post-thumbnail","8":"product_cat-greenkeeping-fr","9":"product_cat-traitement-des-greens","10":"product_cat-outils-de-reparation","11":"product_cat-outils-dentretien","13":"first","14":"instock","15":"taxable","16":"shipping-taxable","17":"purchasable","18":"product-type-simple"},"acf":[],"_links":{"self":[{"href":"https:\/\/sibeag.ch\/fr\/wp-json\/wp\/v2\/product\/16661","targetHints":{"allow":["GET"]}}],"collection":[{"href":"https:\/\/sibeag.ch\/fr\/wp-json\/wp\/v2\/product"}],"about":[{"href":"https:\/\/sibeag.ch\/fr\/wp-json\/wp\/v2\/types\/product"}],"wp:featuredmedia":[{"embeddable":true,"href":"https:\/\/sibeag.ch\/fr\/wp-json\/wp\/v2\/media\/10170"}],"wp:attachment":[{"href":"https:\/\/sibeag.ch\/fr\/wp-json\/wp\/v2\/media?parent=16661"}],"wp:term":[{"taxonomy":"product_brand","embeddable":true,"href":"https:\/\/sibeag.ch\/fr\/wp-json\/wp\/v2\/product_brand?post=16661"},{"taxonomy":"product_cat","embeddable":true,"href":"https:\/\/sibeag.ch\/fr\/wp-json\/wp\/v2\/product_cat?post=16661"},{"taxonomy":"product_tag","embeddable":true,"href":"https:\/\/sibeag.ch\/fr\/wp-json\/wp\/v2\/product_tag?post=16661"}],"curies":[{"name":"wp","href":"https:\/\/api.w.org\/{rel}","templated":true}]}}