{"id":16672,"date":"2019-01-25T15:57:21","date_gmt":"2019-01-25T15:57:21","guid":{"rendered":"https:\/\/www.sibeag.ch\/shop\/non%20class\u00e9\/lecteur-de-cartes-sc\/"},"modified":"2026-02-18T16:32:55","modified_gmt":"2026-02-18T15:32:55","slug":"lecteur-de-carte-sc","status":"publish","type":"product","link":"https:\/\/sibeag.ch\/fr\/practice-driving-range\/systeme-de-gestion-de-balles\/systemes-de-paiement\/lecteur-de-carte-sc\/","title":{"rendered":"Lecteur de cartes SC"},"content":{"rendered":"","protected":false},"excerpt":{"rendered":"<h1>Lecteur de cartes SC<\/h1>\n<p>Le lecteur de cartes SC est compatible avec les cartes de clients sans-contact. Inclus dans la livraison est un lecteur \u00e0 connecter \u00e0 l&rsquo;ordinateur du secr\u00e9tariat et le logiciel pour recharger les cartes client en peut du temps. Le lecteur de cartes SC se distingue en outre par les fonctions suivantes<\/p>\n<ul>\n<li>3 prix differentes possible (Pros, Membres, Visiteurs)<\/li>\n<li>Cartes personnalis\u00e9<\/li>\n<li>Logiciel convivial<\/li>\n<li>Statistiques sur l&rsquo;usage des cartes en circulation (par jour, semaine, mois, an)<\/li>\n<li>les informations sur les cartes sont r\u00e9inscriptible<\/li>\n<\/ul>\n<p>Un autre plus de ce lecteur de carte est la convivialit\u00e9 polyvalente, de sorte qu&rsquo;il peut \u00eatre utilis\u00e9 non seulement \u00e0 la machine \u00e0 balles, mais aussi comme un lecteur de porte, o\u00f9 les droits d&rsquo;acc\u00e8s individuels peuvent \u00eatre accord\u00e9s \u00e0 chaque carte.<\/p>\n","protected":false},"featured_media":105044,"template":"","meta":{"_acf_changed":false},"product_brand":[],"product_cat":[964,1076],"product_tag":[],"class_list":{"0":"entry","1":"author-sibegolf","2":"has-excerpt","3":"post-16672","4":"product","5":"type-product","6":"status-publish","7":"has-post-thumbnail","8":"product_cat-practice-driving-range","9":"product_cat-systemes-de-paiement","11":"first","12":"instock","13":"taxable","14":"shipping-taxable","15":"purchasable","16":"product-type-simple"},"acf":[],"_links":{"self":[{"href":"https:\/\/sibeag.ch\/fr\/wp-json\/wp\/v2\/product\/16672","targetHints":{"allow":["GET"]}}],"collection":[{"href":"https:\/\/sibeag.ch\/fr\/wp-json\/wp\/v2\/product"}],"about":[{"href":"https:\/\/sibeag.ch\/fr\/wp-json\/wp\/v2\/types\/product"}],"wp:featuredmedia":[{"embeddable":true,"href":"https:\/\/sibeag.ch\/fr\/wp-json\/wp\/v2\/media\/105044"}],"wp:attachment":[{"href":"https:\/\/sibeag.ch\/fr\/wp-json\/wp\/v2\/media?parent=16672"}],"wp:term":[{"taxonomy":"product_brand","embeddable":true,"href":"https:\/\/sibeag.ch\/fr\/wp-json\/wp\/v2\/product_brand?post=16672"},{"taxonomy":"product_cat","embeddable":true,"href":"https:\/\/sibeag.ch\/fr\/wp-json\/wp\/v2\/product_cat?post=16672"},{"taxonomy":"product_tag","embeddable":true,"href":"https:\/\/sibeag.ch\/fr\/wp-json\/wp\/v2\/product_tag?post=16672"}],"curies":[{"name":"wp","href":"https:\/\/api.w.org\/{rel}","templated":true}]}}