{"id":16791,"date":"2019-01-25T15:49:24","date_gmt":"2019-01-25T14:49:24","guid":{"rendered":"https:\/\/www.sibeag.ch\/shop\/non%20class\u00e9\/tapis-en-position-inclinee-oe-140-cm\/"},"modified":"2026-02-18T16:26:54","modified_gmt":"2026-02-18T15:26:54","slug":"tapis-en-position-inclinee-o-140-cm","status":"publish","type":"product","link":"https:\/\/sibeag.ch\/fr\/practice-driving-range\/zone-de-depart\/tapis-de-practice\/tapis-en-position-inclinee-o-140-cm\/","title":{"rendered":"Tapis en position inclin\u00e9e, \u00f8 140 cm"},"content":{"rendered":"","protected":false},"excerpt":{"rendered":"<h1>Tapis en position inclin\u00e9e, \u00f8 140 cm<\/h1>\n<ul>\n<li>la balle restera en place<\/li>\n<li>sous-construction en plastique robuste<\/li>\n<li>tapis l\u00e9ger de 27 kg<\/li>\n<\/ul>\n","protected":false},"featured_media":10110,"template":"","meta":{"_acf_changed":false},"product_brand":[],"product_cat":[964,2768,1066,1941,2777],"product_tag":[],"class_list":{"0":"entry","1":"author-sibegolf","2":"has-excerpt","3":"post-16791","4":"product","5":"type-product","6":"status-publish","7":"has-post-thumbnail","8":"product_cat-practice-driving-range","9":"product_cat-zone-de-depart","10":"product_cat-tapis-de-practice","11":"product_cat-appareils-de-mesure","12":"product_cat-entraineur-en-position-inclinee","13":"product_shipping_class-objets-encombrants","15":"first","16":"instock","17":"taxable","18":"shipping-taxable","19":"purchasable","20":"product-type-simple"},"acf":[],"_links":{"self":[{"href":"https:\/\/sibeag.ch\/fr\/wp-json\/wp\/v2\/product\/16791","targetHints":{"allow":["GET"]}}],"collection":[{"href":"https:\/\/sibeag.ch\/fr\/wp-json\/wp\/v2\/product"}],"about":[{"href":"https:\/\/sibeag.ch\/fr\/wp-json\/wp\/v2\/types\/product"}],"wp:featuredmedia":[{"embeddable":true,"href":"https:\/\/sibeag.ch\/fr\/wp-json\/wp\/v2\/media\/10110"}],"wp:attachment":[{"href":"https:\/\/sibeag.ch\/fr\/wp-json\/wp\/v2\/media?parent=16791"}],"wp:term":[{"taxonomy":"product_brand","embeddable":true,"href":"https:\/\/sibeag.ch\/fr\/wp-json\/wp\/v2\/product_brand?post=16791"},{"taxonomy":"product_cat","embeddable":true,"href":"https:\/\/sibeag.ch\/fr\/wp-json\/wp\/v2\/product_cat?post=16791"},{"taxonomy":"product_tag","embeddable":true,"href":"https:\/\/sibeag.ch\/fr\/wp-json\/wp\/v2\/product_tag?post=16791"}],"curies":[{"name":"wp","href":"https:\/\/api.w.org\/{rel}","templated":true}]}}