{"id":16802,"date":"2019-01-25T15:48:21","date_gmt":"2019-02-15T13:11:07","guid":{"rendered":"https:\/\/www.sibeag.ch\/shop\/non%20class\u00e9\/distributeur-de-balles-rs8-pour-8000-balles\/"},"modified":"2024-11-30T09:12:58","modified_gmt":"2024-11-30T08:12:58","slug":"distributeur-de-balles-rs8-pour-8000-balles","status":"publish","type":"product","link":"https:\/\/sibeag.ch\/fr\/practice-driving-range\/systeme-de-gestion-de-balles\/distributeurs-de-balles\/distributeur-de-balles-rs8-pour-8000-balles\/","title":{"rendered":"Distributeur de balles RS8, pour 8&rsquo;000 balles"},"content":{"rendered":"","protected":false},"excerpt":{"rendered":"<p><img decoding=\"async\" class=\"alignright size-medium wp-image-3355 range-servant-logo\" src=\"https:\/\/www.sibeag.ch\/wp-content\/uploads\/range-servant-logo.jpg\" alt=\"Logo Range Servant\"><\/p>\n<h1>Distributeur de balles RS8, pour 8&rsquo;000 balles<\/h1>\n<p>Le produit phare de la gamme Range Servant depuis plus de 25 ans. Le distributeurs RS a prouv\u00e9 sa solidit\u00e9 et fiabilit\u00e9 depuis longtemps. Le syst\u00e8me de grille associ\u00e9 au berceau rotatif invent\u00e9 en 1983 est toujours le meilleur distributeur de balles sur le march\u00e9 mondial.<\/p>\n<ul>\n<li>1010 x 760 x 1476 mm (L x P x H)<\/li>\n<li>capacit\u00e9 de 8&rsquo;000 balles<\/li>\n<li>inclus: monnayeur \u00e0 jetons<\/li>\n<li>La capacit\u00e9 de tous les mod\u00e8les avec un toit plat peut \u00eatre augment\u00e9e par adjonction de tr\u00e9mies.<\/li>\n<\/ul>\n","protected":false},"featured_media":10800,"template":"","meta":{"_acf_changed":false},"product_brand":[],"product_cat":[964,1084,1117],"product_tag":[1926,2939],"class_list":{"0":"entry","1":"author-sibegolf","2":"has-excerpt","3":"post-16802","4":"product","5":"type-product","6":"status-publish","7":"has-post-thumbnail","8":"product_cat-practice-driving-range","9":"product_cat-distributeurs-de-balles","10":"product_cat-distributeur-de-balles-rs","11":"product_tag-distributeurs-de-balles","12":"product_tag-sur-demande","14":"first","15":"instock","16":"taxable","17":"shipping-taxable","18":"purchasable","19":"product-type-simple"},"acf":[],"_links":{"self":[{"href":"https:\/\/sibeag.ch\/fr\/wp-json\/wp\/v2\/product\/16802","targetHints":{"allow":["GET"]}}],"collection":[{"href":"https:\/\/sibeag.ch\/fr\/wp-json\/wp\/v2\/product"}],"about":[{"href":"https:\/\/sibeag.ch\/fr\/wp-json\/wp\/v2\/types\/product"}],"wp:featuredmedia":[{"embeddable":true,"href":"https:\/\/sibeag.ch\/fr\/wp-json\/wp\/v2\/media\/10800"}],"wp:attachment":[{"href":"https:\/\/sibeag.ch\/fr\/wp-json\/wp\/v2\/media?parent=16802"}],"wp:term":[{"taxonomy":"product_brand","embeddable":true,"href":"https:\/\/sibeag.ch\/fr\/wp-json\/wp\/v2\/product_brand?post=16802"},{"taxonomy":"product_cat","embeddable":true,"href":"https:\/\/sibeag.ch\/fr\/wp-json\/wp\/v2\/product_cat?post=16802"},{"taxonomy":"product_tag","embeddable":true,"href":"https:\/\/sibeag.ch\/fr\/wp-json\/wp\/v2\/product_tag?post=16802"}],"curies":[{"name":"wp","href":"https:\/\/api.w.org\/{rel}","templated":true}]}}