{"id":16834,"date":"2019-01-25T15:31:26","date_gmt":"2019-02-15T13:15:21","guid":{"rendered":"https:\/\/www.sibeag.ch\/shop\/non%20class\u00e9\/ramasse-balles-heavy-duty-midi\/"},"modified":"2024-11-30T09:13:08","modified_gmt":"2024-11-30T08:13:08","slug":"ramasse-balles-heavy-duty-midi","status":"publish","type":"product","link":"https:\/\/sibeag.ch\/fr\/practice-driving-range\/ramasse-balles\/ramasse-balles-heavy-duty\/ramasse-balles-heavy-duty-midi\/","title":{"rendered":"Ramasse balles Heavy Duty MIDI"},"content":{"rendered":"","protected":false},"excerpt":{"rendered":"<p><img decoding=\"async\" class=\"alignright size-medium wp-image-3355 range-servant-logo\" src=\"https:\/\/www.sibeag.ch\/wp-content\/uploads\/range-servant-logo.jpg\" alt=\"Logo Range Servant\"><\/p>\n<h1>Ramasse balles Heavy Duty MIDI<\/h1>\n<p>Les ramasse balles Heavy Duty ont \u00e9t\u00e9 d\u00e9velopp\u00e9 pour les Driving Ranges fr\u00e9quent\u00e9s. Gr\u00e2ce \u00e0 la construction massive une longue dur\u00e9e de vie est garantie. Chaque \u00e9l\u00e9ment est flexible donc ce ramasse balle s&rsquo;adapte a tous les terrains.<\/p>\n<ul>\n<li>2540 mm de largeur<\/li>\n<li>avec 6 paniers<\/li>\n<li>inclus: fourche en \u00ab\u00a0A\u00a0\u00bb compatible avec les attelages de remorque courants<\/li>\n<\/ul>\n","protected":false},"featured_media":10818,"template":"","meta":{"_acf_changed":false},"product_brand":[],"product_cat":[964,1107,1120],"product_tag":[1925,2939],"class_list":{"0":"entry","1":"author-sibegolf","2":"has-excerpt","3":"post-16834","4":"product","5":"type-product","6":"status-publish","7":"has-post-thumbnail","8":"product_cat-practice-driving-range","9":"product_cat-ramasse-balles","10":"product_cat-ramasse-balles-heavy-duty","11":"product_tag-ramasse-balles","12":"product_tag-sur-demande","14":"first","15":"instock","16":"taxable","17":"shipping-taxable","18":"purchasable","19":"product-type-simple"},"acf":[],"_links":{"self":[{"href":"https:\/\/sibeag.ch\/fr\/wp-json\/wp\/v2\/product\/16834","targetHints":{"allow":["GET"]}}],"collection":[{"href":"https:\/\/sibeag.ch\/fr\/wp-json\/wp\/v2\/product"}],"about":[{"href":"https:\/\/sibeag.ch\/fr\/wp-json\/wp\/v2\/types\/product"}],"wp:featuredmedia":[{"embeddable":true,"href":"https:\/\/sibeag.ch\/fr\/wp-json\/wp\/v2\/media\/10818"}],"wp:attachment":[{"href":"https:\/\/sibeag.ch\/fr\/wp-json\/wp\/v2\/media?parent=16834"}],"wp:term":[{"taxonomy":"product_brand","embeddable":true,"href":"https:\/\/sibeag.ch\/fr\/wp-json\/wp\/v2\/product_brand?post=16834"},{"taxonomy":"product_cat","embeddable":true,"href":"https:\/\/sibeag.ch\/fr\/wp-json\/wp\/v2\/product_cat?post=16834"},{"taxonomy":"product_tag","embeddable":true,"href":"https:\/\/sibeag.ch\/fr\/wp-json\/wp\/v2\/product_tag?post=16834"}],"curies":[{"name":"wp","href":"https:\/\/api.w.org\/{rel}","templated":true}]}}