{"id":16847,"date":"2019-01-25T15:30:42","date_gmt":"2019-01-25T15:30:42","guid":{"rendered":"https:\/\/www.sibeag.ch\/shop\/non%20class\u00e9\/hole-cutter-railmaster\/"},"modified":"2026-02-18T16:26:10","modified_gmt":"2026-02-18T15:26:10","slug":"hole-cutter-railmaster","status":"publish","type":"product","link":"https:\/\/sibeag.ch\/fr\/greenkeeping-fr\/traitement-des-greens\/hole-cutters-accessoires\/hole-cutter-railmaster\/","title":{"rendered":"Hole Cutter Railmaster"},"content":{"rendered":"","protected":false},"excerpt":{"rendered":"<p><img decoding=\"async\" class=\"alignright size-medium wp-image-3355 bms-logo\" src=\"https:\/\/www.sibeag.ch\/wp-content\/uploads\/bms-logo.jpg\" alt=\"Logo BMS\"><\/p>\n<h1>Hole Cutter Railmaster<\/h1>\n<p>Le Railmaster est un Hole Cutter r\u00e9volutionnaire. Pour r\u00e9aliser des trous parfaites, le lames sont dans un syst\u00e8me de rails. version renforc\u00e9e<\/p>\n<p>&nbsp;<\/p>\n","protected":false},"featured_media":9536,"template":"","meta":{"_acf_changed":false},"product_brand":[],"product_cat":[1001,1028,1024,2788],"product_tag":[],"class_list":{"0":"entry","1":"author-sibegolf","2":"has-excerpt","3":"post-16847","4":"product","5":"type-product","6":"status-publish","7":"has-post-thumbnail","8":"product_cat-greenkeeping-fr","9":"product_cat-traitement-des-greens","10":"product_cat-hole-cutters-accessoires","11":"product_cat-holecutter","13":"first","14":"instock","15":"taxable","16":"shipping-taxable","17":"purchasable","18":"product-type-simple"},"acf":[],"_links":{"self":[{"href":"https:\/\/sibeag.ch\/fr\/wp-json\/wp\/v2\/product\/16847","targetHints":{"allow":["GET"]}}],"collection":[{"href":"https:\/\/sibeag.ch\/fr\/wp-json\/wp\/v2\/product"}],"about":[{"href":"https:\/\/sibeag.ch\/fr\/wp-json\/wp\/v2\/types\/product"}],"wp:featuredmedia":[{"embeddable":true,"href":"https:\/\/sibeag.ch\/fr\/wp-json\/wp\/v2\/media\/9536"}],"wp:attachment":[{"href":"https:\/\/sibeag.ch\/fr\/wp-json\/wp\/v2\/media?parent=16847"}],"wp:term":[{"taxonomy":"product_brand","embeddable":true,"href":"https:\/\/sibeag.ch\/fr\/wp-json\/wp\/v2\/product_brand?post=16847"},{"taxonomy":"product_cat","embeddable":true,"href":"https:\/\/sibeag.ch\/fr\/wp-json\/wp\/v2\/product_cat?post=16847"},{"taxonomy":"product_tag","embeddable":true,"href":"https:\/\/sibeag.ch\/fr\/wp-json\/wp\/v2\/product_tag?post=16847"}],"curies":[{"name":"wp","href":"https:\/\/api.w.org\/{rel}","templated":true}]}}