{"id":16878,"date":"2019-01-25T15:27:44","date_gmt":"2019-01-25T15:27:44","guid":{"rendered":"https:\/\/www.sibeag.ch\/shop\/non%20class\u00e9\/tete-de-rateau-jost\/"},"modified":"2026-02-18T16:24:30","modified_gmt":"2026-02-18T15:24:30","slug":"tete-de-rateau-jost","status":"publish","type":"product","link":"https:\/\/sibeag.ch\/fr\/greenkeeping-fr\/outils-dentretien\/rateaux-de-bunker\/tete-de-rateau-jost\/","title":{"rendered":"T\u00eate de r\u00e2teau Jost"},"content":{"rendered":"","protected":false},"excerpt":{"rendered":"<h1>T\u00eate de r\u00e2teau Jost<\/h1>\n","protected":false},"featured_media":16354,"template":"","meta":{"_acf_changed":false},"product_brand":[],"product_cat":[996,1001,1025,1002],"product_tag":[],"class_list":{"0":"entry","1":"author-sibegolf","2":"has-excerpt","3":"post-16878","4":"product","5":"type-product","6":"status-publish","7":"has-post-thumbnail","8":"product_cat-tetes-de-rateaux","9":"product_cat-greenkeeping-fr","10":"product_cat-outils-dentretien","11":"product_cat-rateaux-de-bunker","13":"first","14":"instock","15":"taxable","16":"shipping-taxable","17":"purchasable","18":"product-type-simple"},"acf":[],"_links":{"self":[{"href":"https:\/\/sibeag.ch\/fr\/wp-json\/wp\/v2\/product\/16878","targetHints":{"allow":["GET"]}}],"collection":[{"href":"https:\/\/sibeag.ch\/fr\/wp-json\/wp\/v2\/product"}],"about":[{"href":"https:\/\/sibeag.ch\/fr\/wp-json\/wp\/v2\/types\/product"}],"wp:featuredmedia":[{"embeddable":true,"href":"https:\/\/sibeag.ch\/fr\/wp-json\/wp\/v2\/media\/16354"}],"wp:attachment":[{"href":"https:\/\/sibeag.ch\/fr\/wp-json\/wp\/v2\/media?parent=16878"}],"wp:term":[{"taxonomy":"product_brand","embeddable":true,"href":"https:\/\/sibeag.ch\/fr\/wp-json\/wp\/v2\/product_brand?post=16878"},{"taxonomy":"product_cat","embeddable":true,"href":"https:\/\/sibeag.ch\/fr\/wp-json\/wp\/v2\/product_cat?post=16878"},{"taxonomy":"product_tag","embeddable":true,"href":"https:\/\/sibeag.ch\/fr\/wp-json\/wp\/v2\/product_tag?post=16878"}],"curies":[{"name":"wp","href":"https:\/\/api.w.org\/{rel}","templated":true}]}}