{"id":16905,"date":"2019-01-25T14:50:06","date_gmt":"2019-01-25T14:50:06","guid":{"rendered":"https:\/\/www.sibeag.ch\/shop\/non%20class\u00e9\/verrouillage-pour-reservoir-deau-refrigerant-igloo\/"},"modified":"2026-02-18T16:15:57","modified_gmt":"2026-02-18T15:15:57","slug":"verrouillage-reservoir-deau-refrigerant-igloo","status":"publish","type":"product","link":"https:\/\/sibeag.ch\/fr\/parcours-de-golf\/fairway-fr\/stations-deau-fr\/pieces-detachees-accessoires-pour-stations-deau-fr\/verrouillage-reservoir-deau-refrigerant-igloo\/","title":{"rendered":"Verrouillage pour r\u00e9servoir d&rsquo;eau r\u00e9frig\u00e9rant Igloo"},"content":{"rendered":"","protected":false},"excerpt":{"rendered":"<p><img loading=\"lazy\" decoding=\"async\" class=\"alignright size-full wp-image-184\" src=\"https:\/\/www.sibeag.ch\/wp-content\/uploads\/Standard-Golf-Logo.jpg\" alt=\"Standard Golf Logo\" width=\"112\" height=\"30\"><\/p>\n<h1>Verrouillage pour r\u00e9servoir d&rsquo;eau r\u00e9frig\u00e9rant Igloo<\/h1>\n<p>La verrouillage est compatible avec les r\u00e9servoirs d&rsquo;eau r\u00e9frig\u00e9rant Igloo de 10 litres et 38 litres<\/p>\n","protected":false},"featured_media":9040,"template":"","meta":{"_acf_changed":false},"product_brand":[2972],"product_cat":[1012,1013],"product_tag":[2939],"class_list":{"0":"entry","1":"author-sibegolf","2":"has-excerpt","3":"post-16905","4":"product","5":"type-product","6":"status-publish","7":"has-post-thumbnail","8":"product_brand-standard-golf","9":"product_cat-pieces-detachees-accessoires-pour-stations-deau","10":"product_cat-pieces-detachees-accessoires-pour-stations-deau-fr","11":"product_tag-sur-demande","13":"first","14":"instock","15":"taxable","16":"shipping-taxable","17":"purchasable","18":"product-type-simple"},"acf":[],"_links":{"self":[{"href":"https:\/\/sibeag.ch\/fr\/wp-json\/wp\/v2\/product\/16905","targetHints":{"allow":["GET"]}}],"collection":[{"href":"https:\/\/sibeag.ch\/fr\/wp-json\/wp\/v2\/product"}],"about":[{"href":"https:\/\/sibeag.ch\/fr\/wp-json\/wp\/v2\/types\/product"}],"wp:featuredmedia":[{"embeddable":true,"href":"https:\/\/sibeag.ch\/fr\/wp-json\/wp\/v2\/media\/9040"}],"wp:attachment":[{"href":"https:\/\/sibeag.ch\/fr\/wp-json\/wp\/v2\/media?parent=16905"}],"wp:term":[{"taxonomy":"product_brand","embeddable":true,"href":"https:\/\/sibeag.ch\/fr\/wp-json\/wp\/v2\/product_brand?post=16905"},{"taxonomy":"product_cat","embeddable":true,"href":"https:\/\/sibeag.ch\/fr\/wp-json\/wp\/v2\/product_cat?post=16905"},{"taxonomy":"product_tag","embeddable":true,"href":"https:\/\/sibeag.ch\/fr\/wp-json\/wp\/v2\/product_tag?post=16905"}],"curies":[{"name":"wp","href":"https:\/\/api.w.org\/{rel}","templated":true}]}}