{"id":16911,"date":"2019-01-25T10:30:44","date_gmt":"2019-02-15T13:35:29","guid":{"rendered":"https:\/\/www.sibeag.ch\/shop\/non%20class\u00e9\/buse-deau-unifigther-c10\/"},"modified":"2026-02-18T17:17:36","modified_gmt":"2026-02-18T16:17:36","slug":"buse-deau-unifighter-c10","status":"publish","type":"product","link":"https:\/\/sibeag.ch\/fr\/greenkeeping-fr\/arrosage\/buses\/buse-deau-unifighter-c10\/","title":{"rendered":"Buse d&rsquo;eau UNIFIGHTER C10"},"content":{"rendered":"","protected":false},"excerpt":{"rendered":"<h1>Buse d&rsquo;eau UNIFIGHTER C10<\/h1>\n<p>La buse d&rsquo;eau Unifigther vous offre tout ce que vous attendez d&rsquo;une buse d&rsquo;eau. Gr\u00e2ce au jet d\u2018eau r\u00e9glable de jet diffus \u00e0 jet b\u00e2ton, cette buse est utile pour tous les genres d\u2018arrosage ainsi que pour la nettoyage des v\u00e9hicules.<\/p>\n<ul>\n<li>150l\/min \u00e0 6 bar &#8211; longueur d\u2018arrosage de 11 m \u00e0 22 m<\/li>\n<li>avec raccordement GEKA<\/li>\n<\/ul>\n","protected":false},"featured_media":10570,"template":"","meta":{"_acf_changed":false},"product_brand":[],"product_cat":[1001,1083,2792],"product_tag":[],"class_list":{"0":"entry","1":"author-sibegolf","2":"has-excerpt","3":"post-16911","4":"product","5":"type-product","6":"status-publish","7":"has-post-thumbnail","8":"product_cat-greenkeeping-fr","9":"product_cat-arrosage","10":"product_cat-buses","12":"first","13":"instock","14":"taxable","15":"shipping-taxable","16":"purchasable","17":"product-type-variable"},"acf":[],"_links":{"self":[{"href":"https:\/\/sibeag.ch\/fr\/wp-json\/wp\/v2\/product\/16911","targetHints":{"allow":["GET"]}}],"collection":[{"href":"https:\/\/sibeag.ch\/fr\/wp-json\/wp\/v2\/product"}],"about":[{"href":"https:\/\/sibeag.ch\/fr\/wp-json\/wp\/v2\/types\/product"}],"wp:featuredmedia":[{"embeddable":true,"href":"https:\/\/sibeag.ch\/fr\/wp-json\/wp\/v2\/media\/10570"}],"wp:attachment":[{"href":"https:\/\/sibeag.ch\/fr\/wp-json\/wp\/v2\/media?parent=16911"}],"wp:term":[{"taxonomy":"product_brand","embeddable":true,"href":"https:\/\/sibeag.ch\/fr\/wp-json\/wp\/v2\/product_brand?post=16911"},{"taxonomy":"product_cat","embeddable":true,"href":"https:\/\/sibeag.ch\/fr\/wp-json\/wp\/v2\/product_cat?post=16911"},{"taxonomy":"product_tag","embeddable":true,"href":"https:\/\/sibeag.ch\/fr\/wp-json\/wp\/v2\/product_tag?post=16911"}],"curies":[{"name":"wp","href":"https:\/\/api.w.org\/{rel}","templated":true}]}}