{"id":16917,"date":"2019-01-25T10:26:31","date_gmt":"2019-02-15T13:37:37","guid":{"rendered":"https:\/\/www.sibeag.ch\/shop\/non%20class\u00e9\/fleche-de-direction-en-verre-acrylique\/"},"modified":"2024-11-30T10:43:50","modified_gmt":"2024-11-30T09:43:50","slug":"fleche-de-direction-en-verre-acrylique","status":"publish","type":"product","link":"https:\/\/sibeag.ch\/fr\/parcours-de-golf\/signaletique\/poteaux-indicateurs\/fleche-de-direction-en-verre-acrylique\/","title":{"rendered":"Fl\u00e8che de direction en verre acrylique"},"content":{"rendered":"","protected":false},"excerpt":{"rendered":"<p>&nbsp;<\/p>\n<h1>Fl\u00e8che de direction en verre acrylique<\/h1>\n<p>Fl\u00e8che en verre acrylique librement tournante est fix\u00e9e au poteau avec 2 vis sans t\u00eate.<\/p>\n","protected":false},"featured_media":16306,"template":"","meta":{"_acf_changed":false},"product_brand":[],"product_cat":[974,1872],"product_tag":[2939],"class_list":{"0":"entry","1":"author-sibegolf","2":"has-excerpt","3":"post-16917","4":"product","5":"type-product","6":"status-publish","7":"has-post-thumbnail","8":"product_cat-signaletique","9":"product_cat-poteaux-indicateurs","10":"product_tag-sur-demande","12":"first","13":"instock","14":"taxable","15":"shipping-taxable","16":"purchasable","17":"product-type-variable"},"acf":[],"_links":{"self":[{"href":"https:\/\/sibeag.ch\/fr\/wp-json\/wp\/v2\/product\/16917","targetHints":{"allow":["GET"]}}],"collection":[{"href":"https:\/\/sibeag.ch\/fr\/wp-json\/wp\/v2\/product"}],"about":[{"href":"https:\/\/sibeag.ch\/fr\/wp-json\/wp\/v2\/types\/product"}],"wp:featuredmedia":[{"embeddable":true,"href":"https:\/\/sibeag.ch\/fr\/wp-json\/wp\/v2\/media\/16306"}],"wp:attachment":[{"href":"https:\/\/sibeag.ch\/fr\/wp-json\/wp\/v2\/media?parent=16917"}],"wp:term":[{"taxonomy":"product_brand","embeddable":true,"href":"https:\/\/sibeag.ch\/fr\/wp-json\/wp\/v2\/product_brand?post=16917"},{"taxonomy":"product_cat","embeddable":true,"href":"https:\/\/sibeag.ch\/fr\/wp-json\/wp\/v2\/product_cat?post=16917"},{"taxonomy":"product_tag","embeddable":true,"href":"https:\/\/sibeag.ch\/fr\/wp-json\/wp\/v2\/product_tag?post=16917"}],"curies":[{"name":"wp","href":"https:\/\/api.w.org\/{rel}","templated":true}]}}