{"id":16920,"date":"2019-01-25T08:33:50","date_gmt":"2019-02-15T14:12:19","guid":{"rendered":"https:\/\/www.sibeag.ch\/shop\/non%20class\u00e9\/hole-cutter-magnum\/"},"modified":"2026-02-18T16:58:40","modified_gmt":"2026-02-18T15:58:40","slug":"hole-cutter-magnum","status":"publish","type":"product","link":"https:\/\/sibeag.ch\/fr\/greenkeeping-fr\/traitement-des-greens\/hole-cutters-accessoires\/hole-cutter-magnum\/","title":{"rendered":"Hole Cutter Magnum"},"content":{"rendered":"","protected":false},"excerpt":{"rendered":"<p><img loading=\"lazy\" decoding=\"async\" class=\"alignright size-medium wp-image-3355\" src=\"https:\/\/www.sibeag.ch\/wp-content\/uploads\/StandardGolf_Logo-300x83.jpg\" alt=\"Logo Standard Golf\" width=\"112\" height=\"31\"><\/p>\n<h1>Hole Cutter Magnum<\/h1>\n<p>Les lames aiguis\u00e9es \u00e0 l\u2019int\u00e9rieur sont surtout pour les Greens sableux. Pour un sol plus lourd, utilisez une lame aiguis\u00e9e \u00e0 l\u2019ext\u00e9rieur de pr\u00e9f\u00e9rence<\/p>\n<ul>\n<li>10.8 cm de diam\u00e8tre du trou<\/li>\n<li>lames taill\u00e9es au laser \u00e0 diamant<\/li>\n<li>action de levier en douceur<\/li>\n<\/ul>\n","protected":false},"featured_media":8748,"template":"","meta":{"_acf_changed":false},"product_brand":[],"product_cat":[1001,1028,1024,2788],"product_tag":[],"class_list":{"0":"entry","1":"author-sibegolf","2":"has-excerpt","3":"post-16920","4":"product","5":"type-product","6":"status-publish","7":"has-post-thumbnail","8":"product_cat-greenkeeping-fr","9":"product_cat-traitement-des-greens","10":"product_cat-hole-cutters-accessoires","11":"product_cat-holecutter","13":"first","14":"instock","15":"taxable","16":"shipping-taxable","17":"purchasable","18":"product-type-variable"},"acf":[],"_links":{"self":[{"href":"https:\/\/sibeag.ch\/fr\/wp-json\/wp\/v2\/product\/16920","targetHints":{"allow":["GET"]}}],"collection":[{"href":"https:\/\/sibeag.ch\/fr\/wp-json\/wp\/v2\/product"}],"about":[{"href":"https:\/\/sibeag.ch\/fr\/wp-json\/wp\/v2\/types\/product"}],"wp:featuredmedia":[{"embeddable":true,"href":"https:\/\/sibeag.ch\/fr\/wp-json\/wp\/v2\/media\/8748"}],"wp:attachment":[{"href":"https:\/\/sibeag.ch\/fr\/wp-json\/wp\/v2\/media?parent=16920"}],"wp:term":[{"taxonomy":"product_brand","embeddable":true,"href":"https:\/\/sibeag.ch\/fr\/wp-json\/wp\/v2\/product_brand?post=16920"},{"taxonomy":"product_cat","embeddable":true,"href":"https:\/\/sibeag.ch\/fr\/wp-json\/wp\/v2\/product_cat?post=16920"},{"taxonomy":"product_tag","embeddable":true,"href":"https:\/\/sibeag.ch\/fr\/wp-json\/wp\/v2\/product_tag?post=16920"}],"curies":[{"name":"wp","href":"https:\/\/api.w.org\/{rel}","templated":true}]}}