{"id":16930,"date":"2019-01-25T15:27:01","date_gmt":"2019-01-25T15:27:01","guid":{"rendered":"https:\/\/www.sibeag.ch\/shop\/non%20class\u00e9\/star-spiker-accuform\/"},"modified":"2026-02-18T16:23:30","modified_gmt":"2026-02-18T15:23:30","slug":"star-spiker-accuform","status":"publish","type":"product","link":"https:\/\/sibeag.ch\/fr\/greenkeeping-fr\/traitement-des-greens\/outils-de-reparation\/star-spiker-accuform\/","title":{"rendered":"Star Spiker Accuform"},"content":{"rendered":"","protected":false},"excerpt":{"rendered":"<p><img loading=\"lazy\" decoding=\"async\" class=\"alignright size-medium wp-image-3355 paraide-logo\" src=\"https:\/\/www.sibeag.ch\/wp-content\/uploads\/ParAide-Logo-50x50.jpg\" alt=\"Logo Par Aide\" width=\"50\" height=\"50\"><\/p>\n<h1>Star Spiker Accuform<\/h1>\n<p>La t\u00eate avec 18 \u00e9toiles de piques en acier galvanis\u00e9 permet une p\u00e9n\u00e9tration maximale. Excellent pour scarifier vos greens afin d\u2019ensemencer et d\u2019assurer le meilleur contact graine-sol.<\/p>\n<ul>\n<li>largeur de travail 31 cm<\/li>\n<li>manche incurv\u00e9 de fa\u00e7on ergonomique, 137 cm de long<\/li>\n<\/ul>\n","protected":false},"featured_media":7715,"template":"","meta":{"_acf_changed":false},"product_brand":[],"product_cat":[1001,1028,2801,1113,1025,2956,2818],"product_tag":[],"class_list":{"0":"entry","1":"author-sibegolf","2":"has-excerpt","3":"post-16930","4":"product","5":"type-product","6":"status-publish","7":"has-post-thumbnail","8":"product_cat-greenkeeping-fr","9":"product_cat-traitement-des-greens","10":"product_cat-aeration-du-sol","11":"product_cat-outils-de-reparation","12":"product_cat-outils-dentretien","13":"product_cat-aeration","14":"product_cat-reensemencement","15":"product_shipping_class-objets-encombrants","17":"first","18":"instock","19":"taxable","20":"shipping-taxable","21":"purchasable","22":"product-type-simple"},"acf":[],"_links":{"self":[{"href":"https:\/\/sibeag.ch\/fr\/wp-json\/wp\/v2\/product\/16930","targetHints":{"allow":["GET"]}}],"collection":[{"href":"https:\/\/sibeag.ch\/fr\/wp-json\/wp\/v2\/product"}],"about":[{"href":"https:\/\/sibeag.ch\/fr\/wp-json\/wp\/v2\/types\/product"}],"wp:featuredmedia":[{"embeddable":true,"href":"https:\/\/sibeag.ch\/fr\/wp-json\/wp\/v2\/media\/7715"}],"wp:attachment":[{"href":"https:\/\/sibeag.ch\/fr\/wp-json\/wp\/v2\/media?parent=16930"}],"wp:term":[{"taxonomy":"product_brand","embeddable":true,"href":"https:\/\/sibeag.ch\/fr\/wp-json\/wp\/v2\/product_brand?post=16930"},{"taxonomy":"product_cat","embeddable":true,"href":"https:\/\/sibeag.ch\/fr\/wp-json\/wp\/v2\/product_cat?post=16930"},{"taxonomy":"product_tag","embeddable":true,"href":"https:\/\/sibeag.ch\/fr\/wp-json\/wp\/v2\/product_tag?post=16930"}],"curies":[{"name":"wp","href":"https:\/\/api.w.org\/{rel}","templated":true}]}}