{"id":16934,"date":"2019-01-25T15:26:46","date_gmt":"2019-01-25T15:26:46","guid":{"rendered":"https:\/\/www.sibeag.ch\/shop\/non%20class\u00e9\/horloge-noir\/"},"modified":"2026-02-18T16:23:01","modified_gmt":"2026-02-18T15:23:01","slug":"horloge-noir","status":"publish","type":"product","link":"https:\/\/sibeag.ch\/fr\/club-house\/horloges\/horloge-noir\/","title":{"rendered":"Horloge, noir"},"content":{"rendered":"","protected":false},"excerpt":{"rendered":"<p><img loading=\"lazy\" decoding=\"async\" class=\"alignright size-medium wp-image-3355 paraide-logo\" src=\"https:\/\/www.sibeag.ch\/wp-content\/uploads\/ParAide-Logo-50x50.jpg\" alt=\"Logo Par Aide\" width=\"50\" height=\"50\"><\/p>\n<h1>Horloge, noir<\/h1>\n<ul>\n<li>avec thermom\u00e8tre et hygrom\u00e8tre incorpor\u00e9s<\/li>\n<li>r\u00e9sistant aux intemp\u00e9ries<\/li>\n<li>mat\u00e9riel pour la fixation murale inclus<\/li>\n<\/ul>\n","protected":false},"featured_media":7803,"template":"","meta":{"_acf_changed":false},"product_brand":[],"product_cat":[962,1069],"product_tag":[],"class_list":{"0":"entry","1":"author-sibegolf","2":"has-excerpt","3":"post-16934","4":"product","5":"type-product","6":"status-publish","7":"has-post-thumbnail","8":"product_cat-club-house","9":"product_cat-horloges","11":"first","12":"instock","13":"taxable","14":"shipping-taxable","15":"purchasable","16":"product-type-simple"},"acf":[],"_links":{"self":[{"href":"https:\/\/sibeag.ch\/fr\/wp-json\/wp\/v2\/product\/16934","targetHints":{"allow":["GET"]}}],"collection":[{"href":"https:\/\/sibeag.ch\/fr\/wp-json\/wp\/v2\/product"}],"about":[{"href":"https:\/\/sibeag.ch\/fr\/wp-json\/wp\/v2\/types\/product"}],"wp:featuredmedia":[{"embeddable":true,"href":"https:\/\/sibeag.ch\/fr\/wp-json\/wp\/v2\/media\/7803"}],"wp:attachment":[{"href":"https:\/\/sibeag.ch\/fr\/wp-json\/wp\/v2\/media?parent=16934"}],"wp:term":[{"taxonomy":"product_brand","embeddable":true,"href":"https:\/\/sibeag.ch\/fr\/wp-json\/wp\/v2\/product_brand?post=16934"},{"taxonomy":"product_cat","embeddable":true,"href":"https:\/\/sibeag.ch\/fr\/wp-json\/wp\/v2\/product_cat?post=16934"},{"taxonomy":"product_tag","embeddable":true,"href":"https:\/\/sibeag.ch\/fr\/wp-json\/wp\/v2\/product_tag?post=16934"}],"curies":[{"name":"wp","href":"https:\/\/api.w.org\/{rel}","templated":true}]}}