{"id":16944,"date":"2019-01-25T15:26:08","date_gmt":"2019-01-25T15:26:08","guid":{"rendered":"https:\/\/www.sibeag.ch\/shop\/non%20class\u00e9\/weed-puller-accuform\/"},"modified":"2026-02-18T16:22:31","modified_gmt":"2026-02-18T15:22:31","slug":"weed-puller-accuform","status":"publish","type":"product","link":"https:\/\/sibeag.ch\/fr\/greenkeeping-fr\/outils-dentretien\/desherbant\/weed-puller-accuform\/","title":{"rendered":"Weed Puller Accuform"},"content":{"rendered":"","protected":false},"excerpt":{"rendered":"<p><img loading=\"lazy\" decoding=\"async\" class=\"alignright size-medium wp-image-3355 paraide-logo\" src=\"https:\/\/www.sibeag.ch\/wp-content\/uploads\/ParAide-Logo-50x50.jpg\" alt=\"Logo Par Aide\" width=\"50\" height=\"50\"><\/p>\n<h1>Weed Puller Accuform<\/h1>\n<p>L&rsquo;\u00e9limination des mauvaises herbes n&rsquo;a jamais \u00e9t\u00e9 aussi simple. Avec le Weed Puller vous \u00e9liminez les mauvaises herbes \u00e0 la racine, emp\u00eachant que l&rsquo;herbe repousse.<\/p>\n<ul>\n<li>104 cm de hauteur<\/li>\n<li>poign\u00e9e pour enlever la mauvaise herbe des pointes<\/li>\n<li>pointes rempla\u00e7able<\/li>\n<\/ul>\n","protected":false},"featured_media":7807,"template":"","meta":{"_acf_changed":false},"product_brand":[],"product_cat":[1001,1025,2826],"product_tag":[],"class_list":{"0":"entry","1":"author-sibegolf","2":"has-excerpt","3":"post-16944","4":"product","5":"type-product","6":"status-publish","7":"has-post-thumbnail","8":"product_cat-greenkeeping-fr","9":"product_cat-outils-dentretien","10":"product_cat-desherbant","12":"first","13":"instock","14":"taxable","15":"shipping-taxable","16":"purchasable","17":"product-type-simple"},"acf":[],"_links":{"self":[{"href":"https:\/\/sibeag.ch\/fr\/wp-json\/wp\/v2\/product\/16944","targetHints":{"allow":["GET"]}}],"collection":[{"href":"https:\/\/sibeag.ch\/fr\/wp-json\/wp\/v2\/product"}],"about":[{"href":"https:\/\/sibeag.ch\/fr\/wp-json\/wp\/v2\/types\/product"}],"wp:featuredmedia":[{"embeddable":true,"href":"https:\/\/sibeag.ch\/fr\/wp-json\/wp\/v2\/media\/7807"}],"wp:attachment":[{"href":"https:\/\/sibeag.ch\/fr\/wp-json\/wp\/v2\/media?parent=16944"}],"wp:term":[{"taxonomy":"product_brand","embeddable":true,"href":"https:\/\/sibeag.ch\/fr\/wp-json\/wp\/v2\/product_brand?post=16944"},{"taxonomy":"product_cat","embeddable":true,"href":"https:\/\/sibeag.ch\/fr\/wp-json\/wp\/v2\/product_cat?post=16944"},{"taxonomy":"product_tag","embeddable":true,"href":"https:\/\/sibeag.ch\/fr\/wp-json\/wp\/v2\/product_tag?post=16944"}],"curies":[{"name":"wp","href":"https:\/\/api.w.org\/{rel}","templated":true}]}}