{"id":16951,"date":"2019-01-25T15:28:30","date_gmt":"2019-01-25T15:28:30","guid":{"rendered":"https:\/\/www.sibeag.ch\/shop\/non%20class\u00e9\/cible-sonic\/"},"modified":"2026-02-18T16:24:53","modified_gmt":"2026-02-18T15:24:53","slug":"cible-sonic","status":"publish","type":"product","link":"https:\/\/sibeag.ch\/fr\/practice-driving-range\/cibles-entrainement-fr\/indicateurs-de-distance\/cible-sonic\/","title":{"rendered":"Cible Sonic"},"content":{"rendered":"","protected":false},"excerpt":{"rendered":"<h1>Cible Sonic<\/h1>\n<ul>\n<li>100 cm de diam\u00e8tre<\/li>\n<li>peut \u00eatre facilement d\u00e9placer gr\u00e2ce aux 2 roues \u00e0 l&rsquo;arri\u00e8re<\/li>\n<li>fait du bruit quand on le frappe<\/li>\n<li>disponible avec un autocollant personnalis\u00e9<\/li>\n<\/ul>\n","protected":false},"featured_media":10044,"template":"","meta":{"_acf_changed":false},"product_brand":[],"product_cat":[964,1046,2943,979],"product_tag":[],"class_list":{"0":"entry","1":"author-sibegolf","2":"has-excerpt","3":"post-16951","4":"product","5":"type-product","6":"status-publish","7":"has-post-thumbnail","8":"product_cat-practice-driving-range","9":"product_cat-cibles-entrainement-fr","10":"product_cat-cibles","11":"product_cat-indicateurs-de-distance","13":"first","14":"instock","15":"taxable","16":"shipping-taxable","17":"purchasable","18":"product-type-simple"},"acf":[],"_links":{"self":[{"href":"https:\/\/sibeag.ch\/fr\/wp-json\/wp\/v2\/product\/16951","targetHints":{"allow":["GET"]}}],"collection":[{"href":"https:\/\/sibeag.ch\/fr\/wp-json\/wp\/v2\/product"}],"about":[{"href":"https:\/\/sibeag.ch\/fr\/wp-json\/wp\/v2\/types\/product"}],"wp:featuredmedia":[{"embeddable":true,"href":"https:\/\/sibeag.ch\/fr\/wp-json\/wp\/v2\/media\/10044"}],"wp:attachment":[{"href":"https:\/\/sibeag.ch\/fr\/wp-json\/wp\/v2\/media?parent=16951"}],"wp:term":[{"taxonomy":"product_brand","embeddable":true,"href":"https:\/\/sibeag.ch\/fr\/wp-json\/wp\/v2\/product_brand?post=16951"},{"taxonomy":"product_cat","embeddable":true,"href":"https:\/\/sibeag.ch\/fr\/wp-json\/wp\/v2\/product_cat?post=16951"},{"taxonomy":"product_tag","embeddable":true,"href":"https:\/\/sibeag.ch\/fr\/wp-json\/wp\/v2\/product_tag?post=16951"}],"curies":[{"name":"wp","href":"https:\/\/api.w.org\/{rel}","templated":true}]}}