{"id":16963,"date":"2019-01-25T15:24:54","date_gmt":"2019-01-25T15:24:54","guid":{"rendered":"https:\/\/www.sibeag.ch\/shop\/non%20class\u00e9\/bogey-sure-putt-oe-8-cm\/"},"modified":"2026-02-18T16:21:56","modified_gmt":"2026-02-18T15:21:56","slug":"bogey-sure-putt-7-6-cm","status":"publish","type":"product","link":"https:\/\/sibeag.ch\/fr\/putting-green-fr\/cibles-entrainement\/bogey-sure-putt-7-6-cm\/","title":{"rendered":"Bogey Sure Putt \u00f8 7.6 cm"},"content":{"rendered":"","protected":false},"excerpt":{"rendered":"<p><img loading=\"lazy\" decoding=\"async\" class=\"alignright size-medium wp-image-3355 paraide-logo\" src=\"https:\/\/www.sibeag.ch\/wp-content\/uploads\/ParAide-Logo-50x50.jpg\" alt=\"Logo Par Aide\" width=\"50\" height=\"50\"><\/p>\n<h1>Bogey Sure Putt \u00f8 7.6 cm<\/h1>\n<p>Id\u00e9al pour des \u00e9v\u00e9nements et le Pros Disponible dans un set avec le Hole Cutter compatible (Sure Putt System)<\/p>\n<ul>\n<li>en m\u00e9tal<\/li>\n<\/ul>\n","protected":false},"featured_media":7279,"template":"","meta":{"_acf_changed":false},"product_brand":[],"product_cat":[1132,1008],"product_tag":[],"class_list":{"0":"entry","1":"author-sibegolf","2":"has-excerpt","3":"post-16963","4":"product","5":"type-product","6":"status-publish","7":"has-post-thumbnail","8":"product_cat-bogeys-de-putting-green","9":"product_cat-cibles-entrainement","11":"first","12":"instock","13":"taxable","14":"shipping-taxable","15":"purchasable","16":"product-type-simple"},"acf":[],"_links":{"self":[{"href":"https:\/\/sibeag.ch\/fr\/wp-json\/wp\/v2\/product\/16963","targetHints":{"allow":["GET"]}}],"collection":[{"href":"https:\/\/sibeag.ch\/fr\/wp-json\/wp\/v2\/product"}],"about":[{"href":"https:\/\/sibeag.ch\/fr\/wp-json\/wp\/v2\/types\/product"}],"wp:featuredmedia":[{"embeddable":true,"href":"https:\/\/sibeag.ch\/fr\/wp-json\/wp\/v2\/media\/7279"}],"wp:attachment":[{"href":"https:\/\/sibeag.ch\/fr\/wp-json\/wp\/v2\/media?parent=16963"}],"wp:term":[{"taxonomy":"product_brand","embeddable":true,"href":"https:\/\/sibeag.ch\/fr\/wp-json\/wp\/v2\/product_brand?post=16963"},{"taxonomy":"product_cat","embeddable":true,"href":"https:\/\/sibeag.ch\/fr\/wp-json\/wp\/v2\/product_cat?post=16963"},{"taxonomy":"product_tag","embeddable":true,"href":"https:\/\/sibeag.ch\/fr\/wp-json\/wp\/v2\/product_tag?post=16963"}],"curies":[{"name":"wp","href":"https:\/\/api.w.org\/{rel}","templated":true}]}}