{"id":16964,"date":"2019-01-25T15:24:54","date_gmt":"2019-01-25T15:24:54","guid":{"rendered":"https:\/\/www.sibeag.ch\/shop\/non%20class\u00e9\/systeme-dentrainement-sure-putt\/"},"modified":"2026-02-18T16:21:56","modified_gmt":"2026-02-18T15:21:56","slug":"systeme-dentrainement-sure-putt","status":"publish","type":"product","link":"https:\/\/sibeag.ch\/fr\/putting-green-fr\/cibles-entrainement\/systeme-dentrainement-sure-putt\/","title":{"rendered":"Syst\u00e8me d&rsquo;entra\u00eenement Sure Putt"},"content":{"rendered":"","protected":false},"excerpt":{"rendered":"<p><img loading=\"lazy\" decoding=\"async\" class=\"alignright size-medium wp-image-3355 paraide-logo\" src=\"https:\/\/www.sibeag.ch\/wp-content\/uploads\/ParAide-Logo-50x50.jpg\" alt=\"Logo Par Aide\" width=\"50\" height=\"50\"><\/p>\n<h1>Syst\u00e8me d&rsquo;entra\u00eenement Sure Putt<\/h1>\n<p>Ce syst\u00e8me est la meilleure aide au Putting Green. Le trou de 7.6 cm permet au golfeur de se concentrer sur l\u2019objectif et l\u2019enta\u00eene \u00e0 am\u00e9liorer son putting<\/p>\n<ul>\n<li>inclus dans la livraison: 1 Hole Cutter, 3 bogeys, 1 cup puller, 1 panneau d&rsquo;information en anglais<\/li>\n<\/ul>\n","protected":false},"featured_media":7727,"template":"","meta":{"_acf_changed":false},"product_brand":[],"product_cat":[1004,1008],"product_tag":[],"class_list":{"0":"entry","1":"author-sibegolf","2":"has-excerpt","3":"post-16964","4":"product","5":"type-product","6":"status-publish","7":"has-post-thumbnail","8":"product_cat-putting-green-fr","9":"product_cat-cibles-entrainement","11":"first","12":"instock","13":"taxable","14":"shipping-taxable","15":"purchasable","16":"product-type-simple"},"acf":[],"_links":{"self":[{"href":"https:\/\/sibeag.ch\/fr\/wp-json\/wp\/v2\/product\/16964","targetHints":{"allow":["GET"]}}],"collection":[{"href":"https:\/\/sibeag.ch\/fr\/wp-json\/wp\/v2\/product"}],"about":[{"href":"https:\/\/sibeag.ch\/fr\/wp-json\/wp\/v2\/types\/product"}],"wp:featuredmedia":[{"embeddable":true,"href":"https:\/\/sibeag.ch\/fr\/wp-json\/wp\/v2\/media\/7727"}],"wp:attachment":[{"href":"https:\/\/sibeag.ch\/fr\/wp-json\/wp\/v2\/media?parent=16964"}],"wp:term":[{"taxonomy":"product_brand","embeddable":true,"href":"https:\/\/sibeag.ch\/fr\/wp-json\/wp\/v2\/product_brand?post=16964"},{"taxonomy":"product_cat","embeddable":true,"href":"https:\/\/sibeag.ch\/fr\/wp-json\/wp\/v2\/product_cat?post=16964"},{"taxonomy":"product_tag","embeddable":true,"href":"https:\/\/sibeag.ch\/fr\/wp-json\/wp\/v2\/product_tag?post=16964"}],"curies":[{"name":"wp","href":"https:\/\/api.w.org\/{rel}","templated":true}]}}