{"id":16986,"date":"2019-01-25T15:59:55","date_gmt":"2019-02-18T06:32:07","guid":{"rendered":"https:\/\/www.sibeag.ch\/shop\/non%20class\u00e9\/panneau-de-depart-en-verre-acrylique-type-7\/"},"modified":"2024-11-30T09:05:51","modified_gmt":"2024-11-30T08:05:51","slug":"panneau-de-depart-en-verre-acrylique-type-7","status":"publish","type":"product","link":"https:\/\/sibeag.ch\/fr\/parcours-de-golf\/signaletique\/panneaux-de-depart-fr\/verre-acrylique\/panneau-de-depart-en-verre-acrylique-type-7\/","title":{"rendered":"Panneau de d\u00e9part en verre acrylique, Type 7"},"content":{"rendered":"","protected":false},"excerpt":{"rendered":"<h1>Panneau de d\u00e9part en verre acrylique, Type 7<\/h1>\n<p>Les panneaux de d\u00e9part peuvent \u00eatre personnalis\u00e9s. Vous pouvez m\u00eame d\u00e9finir la forme. Veuillez nous contacter pour qu&rsquo;ensemble nous puissions \u00e9laborer le panneau de d\u00e9part id\u00e9al pour votre parcours de golf.<\/p>\n<ul>\n<li>500 mm \u00d7 800 mm (L x H)<\/li>\n<li>avec panneau publicitaire 500 mm \u00d7 200 mm (L x H)<\/li>\n<li>deux poteaux en acier chrom\u00e9 de 132 cm de long (\u00f8 42.4 cm), porte-verres et points d&rsquo;ancrage<\/li>\n<li>verre acrylique 10 mm<\/li>\n<\/ul>\n","protected":false},"featured_media":11012,"template":"","meta":{"_acf_changed":false},"product_brand":[],"product_cat":[961,966,1043,974,1044,1115],"product_tag":[2939],"class_list":{"0":"entry","1":"author-sibegolf","2":"has-excerpt","3":"post-16986","4":"product","5":"type-product","6":"status-publish","7":"has-post-thumbnail","8":"product_cat-parcours-de-golf","9":"product_cat-depart","10":"product_cat-panneaux-de-depart","11":"product_cat-signaletique","12":"product_cat-panneaux-de-depart-fr","13":"product_cat-verre-acrylique","14":"product_tag-sur-demande","16":"first","17":"instock","18":"taxable","19":"shipping-taxable","20":"purchasable","21":"product-type-simple"},"acf":[],"_links":{"self":[{"href":"https:\/\/sibeag.ch\/fr\/wp-json\/wp\/v2\/product\/16986","targetHints":{"allow":["GET"]}}],"collection":[{"href":"https:\/\/sibeag.ch\/fr\/wp-json\/wp\/v2\/product"}],"about":[{"href":"https:\/\/sibeag.ch\/fr\/wp-json\/wp\/v2\/types\/product"}],"wp:featuredmedia":[{"embeddable":true,"href":"https:\/\/sibeag.ch\/fr\/wp-json\/wp\/v2\/media\/11012"}],"wp:attachment":[{"href":"https:\/\/sibeag.ch\/fr\/wp-json\/wp\/v2\/media?parent=16986"}],"wp:term":[{"taxonomy":"product_brand","embeddable":true,"href":"https:\/\/sibeag.ch\/fr\/wp-json\/wp\/v2\/product_brand?post=16986"},{"taxonomy":"product_cat","embeddable":true,"href":"https:\/\/sibeag.ch\/fr\/wp-json\/wp\/v2\/product_cat?post=16986"},{"taxonomy":"product_tag","embeddable":true,"href":"https:\/\/sibeag.ch\/fr\/wp-json\/wp\/v2\/product_tag?post=16986"}],"curies":[{"name":"wp","href":"https:\/\/api.w.org\/{rel}","templated":true}]}}