{"id":16988,"date":"2019-01-25T15:59:58","date_gmt":"2019-02-18T06:33:57","guid":{"rendered":"https:\/\/www.sibeag.ch\/shop\/non%20class\u00e9\/panneau-de-depart-en-verre-acrylique-type-9\/"},"modified":"2024-11-30T09:05:47","modified_gmt":"2024-11-30T08:05:47","slug":"panneau-de-depart-en-verre-acrylique-type-9","status":"publish","type":"product","link":"https:\/\/sibeag.ch\/fr\/parcours-de-golf\/signaletique\/panneaux-de-depart-fr\/verre-acrylique\/panneau-de-depart-en-verre-acrylique-type-9\/","title":{"rendered":"Panneau de d\u00e9part en verre acrylique, Type 9"},"content":{"rendered":"","protected":false},"excerpt":{"rendered":"<h1>Panneau de d\u00e9part en verre acrylique, Type 9<\/h1>\n<p>Les panneaux de d\u00e9part peuvent \u00eatre personnalis\u00e9s. Vous pouvez m\u00eame d\u00e9finir la forme. Veuillez nous contacter pour qu&rsquo;ensemble nous puissions \u00e9laborer le panneau de d\u00e9part id\u00e9al pour votre parcours de golf.<\/p>\n<ul>\n<li>600 mm \u00d7 950 mm (L x H)<\/li>\n<li>avec panneau publicitaire 600 mm \u00d7 200 mm (L x H)<\/li>\n<li>deux poteaux en acier chrom\u00e9 de 132 cm de long (\u00f8 42.4 cm), porte-verres et points d&rsquo;ancrage<\/li>\n<li>verre acrylique 10 mm<\/li>\n<\/ul>\n","protected":false},"featured_media":11018,"template":"","meta":{"_acf_changed":false},"product_brand":[],"product_cat":[961,966,1043,974,1044,1115],"product_tag":[2939],"class_list":{"0":"entry","1":"author-sibegolf","2":"has-excerpt","3":"post-16988","4":"product","5":"type-product","6":"status-publish","7":"has-post-thumbnail","8":"product_cat-parcours-de-golf","9":"product_cat-depart","10":"product_cat-panneaux-de-depart","11":"product_cat-signaletique","12":"product_cat-panneaux-de-depart-fr","13":"product_cat-verre-acrylique","14":"product_tag-sur-demande","16":"first","17":"instock","18":"taxable","19":"shipping-taxable","20":"purchasable","21":"product-type-simple"},"acf":[],"_links":{"self":[{"href":"https:\/\/sibeag.ch\/fr\/wp-json\/wp\/v2\/product\/16988","targetHints":{"allow":["GET"]}}],"collection":[{"href":"https:\/\/sibeag.ch\/fr\/wp-json\/wp\/v2\/product"}],"about":[{"href":"https:\/\/sibeag.ch\/fr\/wp-json\/wp\/v2\/types\/product"}],"wp:featuredmedia":[{"embeddable":true,"href":"https:\/\/sibeag.ch\/fr\/wp-json\/wp\/v2\/media\/11018"}],"wp:attachment":[{"href":"https:\/\/sibeag.ch\/fr\/wp-json\/wp\/v2\/media?parent=16988"}],"wp:term":[{"taxonomy":"product_brand","embeddable":true,"href":"https:\/\/sibeag.ch\/fr\/wp-json\/wp\/v2\/product_brand?post=16988"},{"taxonomy":"product_cat","embeddable":true,"href":"https:\/\/sibeag.ch\/fr\/wp-json\/wp\/v2\/product_cat?post=16988"},{"taxonomy":"product_tag","embeddable":true,"href":"https:\/\/sibeag.ch\/fr\/wp-json\/wp\/v2\/product_tag?post=16988"}],"curies":[{"name":"wp","href":"https:\/\/api.w.org\/{rel}","templated":true}]}}