{"id":16992,"date":"2019-01-25T15:59:25","date_gmt":"2019-01-25T15:59:25","guid":{"rendered":"https:\/\/www.sibeag.ch\/shop\/non%20class\u00e9\/lecteur-de-cartes-digicard\/"},"modified":"2026-02-18T16:34:44","modified_gmt":"2026-02-18T15:34:44","slug":"lecteur-de-cartes-digicard","status":"publish","type":"product","link":"https:\/\/sibeag.ch\/fr\/practice-driving-range\/systeme-de-gestion-de-balles\/systemes-de-paiement\/lecteur-de-cartes-digicard\/","title":{"rendered":"Lecteur de cartes Digicard"},"content":{"rendered":"","protected":false},"excerpt":{"rendered":"<h1>Lecteur de cartes Digicard<\/h1>\n<p>Le lecteur de cartes Digicard se distingue par sa utilisation simple. Vue que le cartes avec la bande magn\u00e9tique sont charg\u00e9 avec un montant des cr\u00e9dits pr\u00e9d\u00e9finies, vous pouvez les vendre sans les programmer.<\/p>\n<ul>\n<li>15 x 8.2 x 10.0 cm (P x L x H)<\/li>\n<\/ul>\n","protected":false},"featured_media":16322,"template":"","meta":{"_acf_changed":false},"product_brand":[],"product_cat":[964,1076],"product_tag":[2939],"class_list":{"0":"entry","1":"author-sibegolf","2":"has-excerpt","3":"post-16992","4":"product","5":"type-product","6":"status-publish","7":"has-post-thumbnail","8":"product_cat-practice-driving-range","9":"product_cat-systemes-de-paiement","10":"product_tag-sur-demande","12":"first","13":"instock","14":"taxable","15":"shipping-taxable","16":"purchasable","17":"product-type-simple"},"acf":[],"_links":{"self":[{"href":"https:\/\/sibeag.ch\/fr\/wp-json\/wp\/v2\/product\/16992","targetHints":{"allow":["GET"]}}],"collection":[{"href":"https:\/\/sibeag.ch\/fr\/wp-json\/wp\/v2\/product"}],"about":[{"href":"https:\/\/sibeag.ch\/fr\/wp-json\/wp\/v2\/types\/product"}],"wp:featuredmedia":[{"embeddable":true,"href":"https:\/\/sibeag.ch\/fr\/wp-json\/wp\/v2\/media\/16322"}],"wp:attachment":[{"href":"https:\/\/sibeag.ch\/fr\/wp-json\/wp\/v2\/media?parent=16992"}],"wp:term":[{"taxonomy":"product_brand","embeddable":true,"href":"https:\/\/sibeag.ch\/fr\/wp-json\/wp\/v2\/product_brand?post=16992"},{"taxonomy":"product_cat","embeddable":true,"href":"https:\/\/sibeag.ch\/fr\/wp-json\/wp\/v2\/product_cat?post=16992"},{"taxonomy":"product_tag","embeddable":true,"href":"https:\/\/sibeag.ch\/fr\/wp-json\/wp\/v2\/product_tag?post=16992"}],"curies":[{"name":"wp","href":"https:\/\/api.w.org\/{rel}","templated":true}]}}