{"id":17014,"date":"2019-01-25T16:00:09","date_gmt":"2019-02-18T07:14:44","guid":{"rendered":"https:\/\/www.sibeag.ch\/shop\/non%20class\u00e9\/poteau-de-depart-en-bois-dur-avec-plaque-de-zinc\/"},"modified":"2024-11-30T09:05:33","modified_gmt":"2024-11-30T08:05:33","slug":"poteau-de-depart-en-bois-dur-avec-plaque-de-zinc","status":"publish","type":"product","link":"https:\/\/sibeag.ch\/fr\/parcours-de-golf\/signaletique\/panneaux-de-depart-fr\/en-metal\/poteau-de-depart-en-bois-dur-avec-plaque-de-zinc\/","title":{"rendered":"Poteau de d\u00e9part en bois dur avec plaque de zinc"},"content":{"rendered":"","protected":false},"excerpt":{"rendered":"<h1>Poteau de d\u00e9part en bois dur avec plaque de zinc<\/h1>\n<p>Les poteaux de d\u00e9part peuvent \u00eatre personnalis\u00e9s. Vous pouvez m\u00eame d\u00e9finir la forme. Veuillez nous contacter pour qu&rsquo;ensemble nous puissions \u00e9laborer le panneau de d\u00e9part id\u00e9al pour votre parcours de golf.<\/p>\n","protected":false},"featured_media":16326,"template":"","meta":{"_acf_changed":false},"product_brand":[],"product_cat":[961,966,1043,974,1044,1091],"product_tag":[2939],"class_list":{"0":"entry","1":"author-sibegolf","2":"has-excerpt","3":"post-17014","4":"product","5":"type-product","6":"status-publish","7":"has-post-thumbnail","8":"product_cat-parcours-de-golf","9":"product_cat-depart","10":"product_cat-panneaux-de-depart","11":"product_cat-signaletique","12":"product_cat-panneaux-de-depart-fr","13":"product_cat-en-metal","14":"product_tag-sur-demande","16":"first","17":"instock","18":"taxable","19":"shipping-taxable","20":"purchasable","21":"product-type-simple"},"acf":[],"_links":{"self":[{"href":"https:\/\/sibeag.ch\/fr\/wp-json\/wp\/v2\/product\/17014","targetHints":{"allow":["GET"]}}],"collection":[{"href":"https:\/\/sibeag.ch\/fr\/wp-json\/wp\/v2\/product"}],"about":[{"href":"https:\/\/sibeag.ch\/fr\/wp-json\/wp\/v2\/types\/product"}],"wp:featuredmedia":[{"embeddable":true,"href":"https:\/\/sibeag.ch\/fr\/wp-json\/wp\/v2\/media\/16326"}],"wp:attachment":[{"href":"https:\/\/sibeag.ch\/fr\/wp-json\/wp\/v2\/media?parent=17014"}],"wp:term":[{"taxonomy":"product_brand","embeddable":true,"href":"https:\/\/sibeag.ch\/fr\/wp-json\/wp\/v2\/product_brand?post=17014"},{"taxonomy":"product_cat","embeddable":true,"href":"https:\/\/sibeag.ch\/fr\/wp-json\/wp\/v2\/product_cat?post=17014"},{"taxonomy":"product_tag","embeddable":true,"href":"https:\/\/sibeag.ch\/fr\/wp-json\/wp\/v2\/product_tag?post=17014"}],"curies":[{"name":"wp","href":"https:\/\/api.w.org\/{rel}","templated":true}]}}