{"id":17021,"date":"2019-01-25T15:58:42","date_gmt":"2019-01-25T15:58:42","guid":{"rendered":"https:\/\/www.sibeag.ch\/shop\/non%20class\u00e9\/hole-cutter-ecutter\/"},"modified":"2026-02-18T16:33:40","modified_gmt":"2026-02-18T15:33:40","slug":"hole-cutter-ecutter","status":"publish","type":"product","link":"https:\/\/sibeag.ch\/fr\/greenkeeping-fr\/traitement-des-greens\/hole-cutters-accessoires\/hole-cutter-ecutter\/","title":{"rendered":"Hole Cutter eCutter"},"content":{"rendered":"","protected":false},"excerpt":{"rendered":"<h1>Hole Cutter eCutter 3.0<\/h1>\n<p data-start=\"136\" data-end=\"173\"><span class=\"relative -mx-px my-[-0.2rem] rounded px-px py-[0.2rem] transition-colors duration-100 ease-in-out\"><strong data-start=\"4\" data-end=\"19\">L\u2019eCutter 3.0 est un appareil de haute pr\u00e9cision<\/strong> pour faire des trous et ce \u00e0 une vitesse impressionnante :<\/span><\/p>\n<ul data-start=\"175\" data-end=\"492\">\n<li data-start=\"175\" data-end=\"253\">\n<p data-start=\"177\" data-end=\"253\"><span class=\"relative -mx-px my-[-0.2rem] rounded px-px py-[0.2rem] transition-colors duration-100 ease-in-out\"><strong data-start=\"0\" data-end=\"18\" data-is-only-node=\"\">Vitesse:<\/strong> Un trou est fait en seulement <strong data-start=\"27\" data-end=\"41\">8 secondes<\/strong> &#8211; le plug peut \u00eatre remise en place tout aussi rapidement.<\/span><\/p>\n<\/li>\n<li data-start=\"254\" data-end=\"332\">\n<p data-start=\"256\" data-end=\"332\"><span class=\"relative -mx-px my-[-0.2rem] rounded px-px py-[0.2rem] transition-colors duration-100 ease-in-out\"><strong data-start=\"0\" data-end=\"26\" data-is-only-node=\"\">Ergonomie et contr\u00f4le :<\/strong> Le greenkeeper garde le contr\u00f4le \u00e0 tout moment &#8211; il suffit de le placer sur le repose-pieds et d\u2019appliquer une l\u00e9g\u00e8re pression pour ins\u00e9rer le bouchon.<\/span><\/p>\n<\/li>\n<li data-start=\"333\" data-end=\"411\">\n<p data-start=\"335\" data-end=\"411\"><span class=\"relative -mx-px my-[-0.2rem] rounded px-px py-[0.2rem] transition-colors duration-100 ease-in-out\"><strong data-start=\"0\" data-end=\"21\" data-is-only-node=\"\">L\u00e9ger et compact :<\/strong> Ne p\u00e8se qu\u2019environ <strong data-start=\"37\" data-end=\"54\">9 kg<\/strong> &#8211; id\u00e9al pour une manipulation sans effort, m\u00eame lors d\u2019utilisations prolong\u00e9es.<\/span><\/p>\n<\/li>\n<li data-start=\"412\" data-end=\"492\">\n<p data-start=\"414\" data-end=\"492\"><span class=\"relative -mx-px my-[-0.2rem] rounded px-px py-[0.2rem] transition-colors duration-100 ease-in-out\"><strong data-start=\"0\" data-end=\"21\" data-is-only-node=\"\">Flexibilit\u00e9 de la batterie :<\/strong> Compatible avec <strong data-start=\"46\" data-end=\"60\">les batteries 18V<\/strong> courantes de Bosch, DeWalt, Makita ou Milwaukee &#8211; adaptabilit\u00e9 maximale aux \u00e9quipements existants.<\/span><\/p>\n<\/li>\n<\/ul>\n","protected":false},"featured_media":121328,"template":"","meta":{"_acf_changed":false},"product_brand":[],"product_cat":[1001,1028,1024,2788],"product_tag":[],"class_list":{"0":"entry","1":"author-sibegolf","2":"has-excerpt","3":"post-17021","4":"product","5":"type-product","6":"status-publish","7":"has-post-thumbnail","8":"product_cat-greenkeeping-fr","9":"product_cat-traitement-des-greens","10":"product_cat-hole-cutters-accessoires","11":"product_cat-holecutter","13":"first","14":"instock","15":"taxable","16":"shipping-taxable","17":"purchasable","18":"product-type-simple"},"acf":[],"_links":{"self":[{"href":"https:\/\/sibeag.ch\/fr\/wp-json\/wp\/v2\/product\/17021","targetHints":{"allow":["GET"]}}],"collection":[{"href":"https:\/\/sibeag.ch\/fr\/wp-json\/wp\/v2\/product"}],"about":[{"href":"https:\/\/sibeag.ch\/fr\/wp-json\/wp\/v2\/types\/product"}],"wp:featuredmedia":[{"embeddable":true,"href":"https:\/\/sibeag.ch\/fr\/wp-json\/wp\/v2\/media\/121328"}],"wp:attachment":[{"href":"https:\/\/sibeag.ch\/fr\/wp-json\/wp\/v2\/media?parent=17021"}],"wp:term":[{"taxonomy":"product_brand","embeddable":true,"href":"https:\/\/sibeag.ch\/fr\/wp-json\/wp\/v2\/product_brand?post=17021"},{"taxonomy":"product_cat","embeddable":true,"href":"https:\/\/sibeag.ch\/fr\/wp-json\/wp\/v2\/product_cat?post=17021"},{"taxonomy":"product_tag","embeddable":true,"href":"https:\/\/sibeag.ch\/fr\/wp-json\/wp\/v2\/product_tag?post=17021"}],"curies":[{"name":"wp","href":"https:\/\/api.w.org\/{rel}","templated":true}]}}